{"id":8,"date":"2016-09-19T15:17:25","date_gmt":"2016-09-19T15:17:25","guid":{"rendered":"http:\/\/sst-augsburg.de\/cms\/?page_id=8"},"modified":"2016-09-19T18:52:35","modified_gmt":"2016-09-19T18:52:35","slug":"service","status":"publish","type":"page","link":"https:\/\/sst-augsburg.de\/cms\/service\/","title":{"rendered":"Unsere Leistungen"},"content":{"rendered":"<section class=\"wpb-content-wrapper\"><p>[vc_row][vc_column][vc_single_image image=&#8221;66&#8243; img_size=&#8221;full&#8221; add_caption=&#8221;yes&#8221; alignment=&#8221;center&#8221;][\/vc_column][\/vc_row][vc_row][vc_column][vc_empty_space][\/vc_column][\/vc_row][vc_row][vc_column width=&#8221;5\/6&#8243;][vc_column_text]<\/p>\n<hr \/>\n<p>Ausschreibungserstellung im Bereich Schlie\u00dfanlagen<\/p>\n<hr \/>\n<p>Planung, Ausf\u00fchrung und Einbau von Schlie\u00dfanlagen der Marken EVVA, KESO, ABUS, ZEISS IKON in kleinem wie auch gro\u00dfem Umfang (von der Wohnung bis zum Industriegeb\u00e4ude)<\/p>\n<hr \/>\n<p>Nachbestellung s\u00e4mtlicher Fabrikate<\/p>\n<hr \/>\n<p style=\"text-align: left;\">Elektronische Sicherheitssysteme<\/p>\n<hr \/>\n<p style=\"text-align: left;\">DORMA Schlie\u00dftechniken<\/p>\n<hr \/>\n<p style=\"text-align: left;\">Hausabsicherungen im privaten und gewerblichen Bereich<\/p>\n<hr \/>\n<p style=\"text-align: left;\">Beschl\u00e4ge, T\u00fcrschlie\u00dfer, Feststellanlagen und Tresore<\/p>\n<hr \/>\n<p style=\"text-align: left;\">Fluchtwegsicherung<\/p>\n<hr \/>\n<p style=\"text-align: left;\">Panikschl\u00f6sser und Beschl\u00e4ge<\/p>\n<hr \/>\n<p style=\"text-align: left;\">Notausgangssysteme<\/p>\n<hr \/>\n<p>Umfangreiche Auswahl an Panikschl\u00f6\u00dfern\u00a0auf Lager<\/p>\n<hr \/>\n<p>Briefkastenanlagen der Marken RENZ und JU<\/p>\n<hr \/>\n<p>Reparatur s\u00e4mtlicher Schl\u00f6sser, T\u00fcren und Tore<\/p>\n<hr \/>\n<p>Reparatur von Garagen (Schl\u00f6sser, Garagentorfedern, Schienen)<\/p>\n<hr \/>\n<p>T\u00fcr- und Torwartungen im gewerblichen Bereich<\/p>\n<hr \/>\n<p>&nbsp;<\/p>\n<p>[\/vc_column_text][\/vc_column][vc_column width=&#8221;1\/6&#8243;][\/vc_column][\/vc_row]<\/p>\n<\/section>","protected":false},"excerpt":{"rendered":"<p>[vc_row][vc_column][vc_single_image image=&#8221;66&#8243; img_size=&#8221;full&#8221; add_caption=&#8221;yes&#8221; alignment=&#8221;center&#8221;][\/vc_column][\/vc_row][vc_row][vc_column][vc_empty_space][\/vc_column][\/vc_row][vc_row][vc_column width=&#8221;5\/6&#8243;][vc_column_text] Ausschreibungserstellung im Bereich Schlie\u00dfanlagen Planung, Ausf\u00fchrung und Einbau von Schlie\u00dfanlagen der Marken EVVA, KESO, ABUS, ZEISS IKON in kleinem wie auch gro\u00dfem Umfang (von der Wohnung bis zum Industriegeb\u00e4ude) Nachbestellung s\u00e4mtlicher Fabrikate Elektronische Sicherheitssysteme DORMA Schlie\u00dftechniken Hausabsicherungen im privaten und gewerblichen Bereich Beschl\u00e4ge, T\u00fcrschlie\u00dfer, Feststellanlagen und Tresore Fluchtwegsicherung Panikschl\u00f6sser [&hellip;]<\/p>\n","protected":false},"author":1,"featured_media":0,"parent":0,"menu_order":0,"comment_status":"closed","ping_status":"closed","template":"","meta":{"_acf_changed":false,"footnotes":""},"class_list":["post-8","page","type-page","status-publish","hentry"],"acf":[],"yoast_head":"<!-- This site is optimized with the Yoast SEO plugin v27.4 - https:\/\/yoast.com\/product\/yoast-seo-wordpress\/ -->\n<title>Unsere Leistungen - Schlo\u00df- und Sicherheitstechnik Wanzel Erwin e.K.<\/title>\n<meta name=\"robots\" content=\"index, follow, max-snippet:-1, max-image-preview:large, max-video-preview:-1\" \/>\n<link rel=\"canonical\" href=\"http:\/\/sst-augsburg.de\/cms\/service\/\" \/>\n<meta property=\"og:locale\" content=\"de_DE\" \/>\n<meta property=\"og:type\" content=\"article\" \/>\n<meta property=\"og:title\" content=\"Unsere Leistungen - Schlo\u00df- und Sicherheitstechnik Wanzel Erwin e.K.\" \/>\n<meta property=\"og:description\" content=\"[vc_row][vc_column][vc_single_image image=&#8221;66&#8243; img_size=&#8221;full&#8221; add_caption=&#8221;yes&#8221; alignment=&#8221;center&#8221;][\/vc_column][\/vc_row][vc_row][vc_column][vc_empty_space][\/vc_column][\/vc_row][vc_row][vc_column width=&#8221;5\/6&#8243;][vc_column_text] Ausschreibungserstellung im Bereich Schlie\u00dfanlagen Planung, Ausf\u00fchrung und Einbau von Schlie\u00dfanlagen der Marken EVVA, KESO, ABUS, ZEISS IKON in kleinem wie auch gro\u00dfem Umfang (von der Wohnung bis zum Industriegeb\u00e4ude) Nachbestellung s\u00e4mtlicher Fabrikate Elektronische Sicherheitssysteme DORMA Schlie\u00dftechniken Hausabsicherungen im privaten und gewerblichen Bereich Beschl\u00e4ge, T\u00fcrschlie\u00dfer, Feststellanlagen und Tresore Fluchtwegsicherung Panikschl\u00f6sser [&hellip;]\" \/>\n<meta property=\"og:url\" content=\"http:\/\/sst-augsburg.de\/cms\/service\/\" \/>\n<meta property=\"og:site_name\" content=\"Schlo\u00df- und Sicherheitstechnik Wanzel Erwin e.K.\" \/>\n<meta property=\"article:modified_time\" content=\"2016-09-19T18:52:35+00:00\" \/>\n<meta name=\"twitter:card\" content=\"summary_large_image\" \/>\n<meta name=\"twitter:label1\" content=\"Gesch\u00e4tzte Lesezeit\" \/>\n\t<meta name=\"twitter:data1\" content=\"1\u00a0Minute\" \/>\n<script type=\"application\/ld+json\" class=\"yoast-schema-graph\">{\"@context\":\"https:\\\/\\\/schema.org\",\"@graph\":[{\"@type\":\"WebPage\",\"@id\":\"http:\\\/\\\/sst-augsburg.de\\\/cms\\\/service\\\/\",\"url\":\"http:\\\/\\\/sst-augsburg.de\\\/cms\\\/service\\\/\",\"name\":\"Unsere Leistungen - Schlo\u00df- und Sicherheitstechnik Wanzel Erwin e.K.\",\"isPartOf\":{\"@id\":\"https:\\\/\\\/sst-augsburg.de\\\/cms\\\/#website\"},\"datePublished\":\"2016-09-19T15:17:25+00:00\",\"dateModified\":\"2016-09-19T18:52:35+00:00\",\"breadcrumb\":{\"@id\":\"http:\\\/\\\/sst-augsburg.de\\\/cms\\\/service\\\/#breadcrumb\"},\"inLanguage\":\"de\",\"potentialAction\":[{\"@type\":\"ReadAction\",\"target\":[\"http:\\\/\\\/sst-augsburg.de\\\/cms\\\/service\\\/\"]}]},{\"@type\":\"BreadcrumbList\",\"@id\":\"http:\\\/\\\/sst-augsburg.de\\\/cms\\\/service\\\/#breadcrumb\",\"itemListElement\":[{\"@type\":\"ListItem\",\"position\":1,\"name\":\"Startseite\",\"item\":\"https:\\\/\\\/sst-augsburg.de\\\/cms\\\/\"},{\"@type\":\"ListItem\",\"position\":2,\"name\":\"Unsere Leistungen\"}]},{\"@type\":\"WebSite\",\"@id\":\"https:\\\/\\\/sst-augsburg.de\\\/cms\\\/#website\",\"url\":\"https:\\\/\\\/sst-augsburg.de\\\/cms\\\/\",\"name\":\"Schlo\u00df- und Sicherheitstechnik Wanzel Erwin e.K.\",\"description\":\"Schlie\u00dfanlagen, Sicherheitstechnik, Schl\u00fcsseldienst, Schlossereiarbeiten\",\"potentialAction\":[{\"@type\":\"SearchAction\",\"target\":{\"@type\":\"EntryPoint\",\"urlTemplate\":\"https:\\\/\\\/sst-augsburg.de\\\/cms\\\/?s={search_term_string}\"},\"query-input\":{\"@type\":\"PropertyValueSpecification\",\"valueRequired\":true,\"valueName\":\"search_term_string\"}}],\"inLanguage\":\"de\"}]}<\/script>\n<!-- \/ Yoast SEO plugin. -->","yoast_head_json":{"title":"Unsere Leistungen - Schlo\u00df- und Sicherheitstechnik Wanzel Erwin e.K.","robots":{"index":"index","follow":"follow","max-snippet":"max-snippet:-1","max-image-preview":"max-image-preview:large","max-video-preview":"max-video-preview:-1"},"canonical":"http:\/\/sst-augsburg.de\/cms\/service\/","og_locale":"de_DE","og_type":"article","og_title":"Unsere Leistungen - Schlo\u00df- und Sicherheitstechnik Wanzel Erwin e.K.","og_description":"[vc_row][vc_column][vc_single_image image=&#8221;66&#8243; img_size=&#8221;full&#8221; add_caption=&#8221;yes&#8221; alignment=&#8221;center&#8221;][\/vc_column][\/vc_row][vc_row][vc_column][vc_empty_space][\/vc_column][\/vc_row][vc_row][vc_column width=&#8221;5\/6&#8243;][vc_column_text] Ausschreibungserstellung im Bereich Schlie\u00dfanlagen Planung, Ausf\u00fchrung und Einbau von Schlie\u00dfanlagen der Marken EVVA, KESO, ABUS, ZEISS IKON in kleinem wie auch gro\u00dfem Umfang (von der Wohnung bis zum Industriegeb\u00e4ude) Nachbestellung s\u00e4mtlicher Fabrikate Elektronische Sicherheitssysteme DORMA Schlie\u00dftechniken Hausabsicherungen im privaten und gewerblichen Bereich Beschl\u00e4ge, T\u00fcrschlie\u00dfer, Feststellanlagen und Tresore Fluchtwegsicherung Panikschl\u00f6sser [&hellip;]","og_url":"http:\/\/sst-augsburg.de\/cms\/service\/","og_site_name":"Schlo\u00df- und Sicherheitstechnik Wanzel Erwin e.K.","article_modified_time":"2016-09-19T18:52:35+00:00","twitter_card":"summary_large_image","twitter_misc":{"Gesch\u00e4tzte Lesezeit":"1\u00a0Minute"},"schema":{"@context":"https:\/\/schema.org","@graph":[{"@type":"WebPage","@id":"http:\/\/sst-augsburg.de\/cms\/service\/","url":"http:\/\/sst-augsburg.de\/cms\/service\/","name":"Unsere Leistungen - Schlo\u00df- und Sicherheitstechnik Wanzel Erwin e.K.","isPartOf":{"@id":"https:\/\/sst-augsburg.de\/cms\/#website"},"datePublished":"2016-09-19T15:17:25+00:00","dateModified":"2016-09-19T18:52:35+00:00","breadcrumb":{"@id":"http:\/\/sst-augsburg.de\/cms\/service\/#breadcrumb"},"inLanguage":"de","potentialAction":[{"@type":"ReadAction","target":["http:\/\/sst-augsburg.de\/cms\/service\/"]}]},{"@type":"BreadcrumbList","@id":"http:\/\/sst-augsburg.de\/cms\/service\/#breadcrumb","itemListElement":[{"@type":"ListItem","position":1,"name":"Startseite","item":"https:\/\/sst-augsburg.de\/cms\/"},{"@type":"ListItem","position":2,"name":"Unsere Leistungen"}]},{"@type":"WebSite","@id":"https:\/\/sst-augsburg.de\/cms\/#website","url":"https:\/\/sst-augsburg.de\/cms\/","name":"Schlo\u00df- und Sicherheitstechnik Wanzel Erwin e.K.","description":"Schlie\u00dfanlagen, Sicherheitstechnik, Schl\u00fcsseldienst, Schlossereiarbeiten","potentialAction":[{"@type":"SearchAction","target":{"@type":"EntryPoint","urlTemplate":"https:\/\/sst-augsburg.de\/cms\/?s={search_term_string}"},"query-input":{"@type":"PropertyValueSpecification","valueRequired":true,"valueName":"search_term_string"}}],"inLanguage":"de"}]}},"_links":{"self":[{"href":"https:\/\/sst-augsburg.de\/cms\/wp-json\/wp\/v2\/pages\/8","targetHints":{"allow":["GET"]}}],"collection":[{"href":"https:\/\/sst-augsburg.de\/cms\/wp-json\/wp\/v2\/pages"}],"about":[{"href":"https:\/\/sst-augsburg.de\/cms\/wp-json\/wp\/v2\/types\/page"}],"author":[{"embeddable":true,"href":"https:\/\/sst-augsburg.de\/cms\/wp-json\/wp\/v2\/users\/1"}],"replies":[{"embeddable":true,"href":"https:\/\/sst-augsburg.de\/cms\/wp-json\/wp\/v2\/comments?post=8"}],"version-history":[{"count":14,"href":"https:\/\/sst-augsburg.de\/cms\/wp-json\/wp\/v2\/pages\/8\/revisions"}],"predecessor-version":[{"id":69,"href":"https:\/\/sst-augsburg.de\/cms\/wp-json\/wp\/v2\/pages\/8\/revisions\/69"}],"wp:attachment":[{"href":"https:\/\/sst-augsburg.de\/cms\/wp-json\/wp\/v2\/media?parent=8"}],"curies":[{"name":"wp","href":"https:\/\/api.w.org\/{rel}","templated":true}]}}