{"id":71582,"date":"2022-02-18T15:00:00","date_gmt":"2022-02-18T15:00:00","guid":{"rendered":"https:\/\/sst-augsburg.de\/cms\/?page_id=71582"},"modified":"2022-03-04T14:19:46","modified_gmt":"2022-03-04T14:19:46","slug":"aktuelles","status":"publish","type":"page","link":"http:\/\/sst-augsburg.de\/cms\/aktuelles\/","title":{"rendered":"Stellenangebot"},"content":{"rendered":"<section class=\"wpb-content-wrapper\"><p>[vc_row type=&#8221;container&#8221;][vc_column][vc_cta h2=&#8221;WIR SUCHEN DICH!&#8221; add_button=&#8221;bottom&#8221; btn_title=&#8221;E-Mail&#8221; css_animation=&#8221;rotateIn&#8221; btn_link=&#8221;url:mailto%3Asicherheit%40sst-augsburg.de|title:sicherheit%40sst-augsburg.de|target:_blank&#8221;]<\/p>\n<ul>\n<li>Du suchst eine neue Herausforderung?<\/li>\n<li>Bist zuverl\u00e4ssig und kompetent?<\/li>\n<li>Du hast Spa\u00df im Umgang mit Menschen?<\/li>\n<li>Hast vielleicht sogar Erfahrung in dem Spektrum Einbruchschutz und Schlie\u00dfanlagen?<\/li>\n<li>Du arbeitest gerne k\u00f6rperlich und bist dir nicht zu schade, auch mal schwerer mit anzupacken?<\/li>\n<\/ul>\n<p><strong>Haben wir Dein Interesse geweckt?<\/strong><br \/>\nDann bist Du in unserem Familienunternehmen genau richtig!<\/p>\n<p>(Optimal w\u00e4re die Erfahrung oder Ausbildung als Elektriker)<\/p>\n<p><strong>Bewirb dich gleich per Mail, wir freuen uns auf Deine Bewerbung!<br \/>\n<span style=\"color: #000000;\"><a style=\"color: #000000;\" href=\"mailto:sicherheit@sst-augsburg.de\">sicherheit@sst-augsburg.de<\/a><\/span><\/strong>[\/vc_cta][\/vc_column][\/vc_row]<\/p>\n<\/section>","protected":false},"excerpt":{"rendered":"<p>[vc_row type=&#8221;container&#8221;][vc_column][vc_cta h2=&#8221;WIR SUCHEN DICH!&#8221; add_button=&#8221;bottom&#8221; btn_title=&#8221;E-Mail&#8221; css_animation=&#8221;rotateIn&#8221; btn_link=&#8221;url:mailto%3Asicherheit%40sst-augsburg.de|title:sicherheit%40sst-augsburg.de|target:_blank&#8221;] Du suchst eine neue Herausforderung? Bist zuverl\u00e4ssig und kompetent? Du hast Spa\u00df im Umgang mit Menschen? Hast vielleicht sogar Erfahrung in dem Spektrum Einbruchschutz und Schlie\u00dfanlagen? Du arbeitest gerne k\u00f6rperlich und bist dir nicht zu schade, auch mal schwerer mit anzupacken? Haben wir Dein Interesse geweckt? [&hellip;]<\/p>\n","protected":false},"author":1,"featured_media":0,"parent":0,"menu_order":0,"comment_status":"closed","ping_status":"closed","template":"","meta":{"_acf_changed":false,"footnotes":""},"class_list":["post-71582","page","type-page","status-publish","hentry"],"acf":[],"yoast_head":"<!-- This site is optimized with the Yoast SEO plugin v27.4 - https:\/\/yoast.com\/product\/yoast-seo-wordpress\/ -->\n<title>Stellenangebot - Schlo\u00df- und Sicherheitstechnik Wanzel Erwin e.K.<\/title>\n<meta name=\"robots\" content=\"index, follow, max-snippet:-1, max-image-preview:large, max-video-preview:-1\" \/>\n<link rel=\"canonical\" href=\"https:\/\/sst-augsburg.de\/cms\/aktuelles\/\" \/>\n<meta property=\"og:locale\" content=\"de_DE\" \/>\n<meta property=\"og:type\" content=\"article\" \/>\n<meta property=\"og:title\" content=\"Stellenangebot - Schlo\u00df- und Sicherheitstechnik Wanzel Erwin e.K.\" \/>\n<meta property=\"og:description\" content=\"[vc_row type=&#8221;container&#8221;][vc_column][vc_cta h2=&#8221;WIR SUCHEN DICH!&#8221; add_button=&#8221;bottom&#8221; btn_title=&#8221;E-Mail&#8221; css_animation=&#8221;rotateIn&#8221; btn_link=&#8221;url:mailto%3Asicherheit%40sst-augsburg.de|title:sicherheit%40sst-augsburg.de|target:_blank&#8221;] Du suchst eine neue Herausforderung? Bist zuverl\u00e4ssig und kompetent? Du hast Spa\u00df im Umgang mit Menschen? Hast vielleicht sogar Erfahrung in dem Spektrum Einbruchschutz und Schlie\u00dfanlagen? Du arbeitest gerne k\u00f6rperlich und bist dir nicht zu schade, auch mal schwerer mit anzupacken? Haben wir Dein Interesse geweckt? [&hellip;]\" \/>\n<meta property=\"og:url\" content=\"https:\/\/sst-augsburg.de\/cms\/aktuelles\/\" \/>\n<meta property=\"og:site_name\" content=\"Schlo\u00df- und Sicherheitstechnik Wanzel Erwin e.K.\" \/>\n<meta property=\"article:modified_time\" content=\"2022-03-04T14:19:46+00:00\" \/>\n<meta name=\"twitter:card\" content=\"summary_large_image\" \/>\n<meta name=\"twitter:label1\" content=\"Gesch\u00e4tzte Lesezeit\" \/>\n\t<meta name=\"twitter:data1\" content=\"1\u00a0Minute\" \/>\n<script type=\"application\/ld+json\" class=\"yoast-schema-graph\">{\"@context\":\"https:\\\/\\\/schema.org\",\"@graph\":[{\"@type\":\"WebPage\",\"@id\":\"https:\\\/\\\/sst-augsburg.de\\\/cms\\\/aktuelles\\\/\",\"url\":\"https:\\\/\\\/sst-augsburg.de\\\/cms\\\/aktuelles\\\/\",\"name\":\"Stellenangebot - Schlo\u00df- und Sicherheitstechnik Wanzel Erwin e.K.\",\"isPartOf\":{\"@id\":\"https:\\\/\\\/sst-augsburg.de\\\/cms\\\/#website\"},\"datePublished\":\"2022-02-18T15:00:00+00:00\",\"dateModified\":\"2022-03-04T14:19:46+00:00\",\"breadcrumb\":{\"@id\":\"https:\\\/\\\/sst-augsburg.de\\\/cms\\\/aktuelles\\\/#breadcrumb\"},\"inLanguage\":\"de\",\"potentialAction\":[{\"@type\":\"ReadAction\",\"target\":[\"https:\\\/\\\/sst-augsburg.de\\\/cms\\\/aktuelles\\\/\"]}]},{\"@type\":\"BreadcrumbList\",\"@id\":\"https:\\\/\\\/sst-augsburg.de\\\/cms\\\/aktuelles\\\/#breadcrumb\",\"itemListElement\":[{\"@type\":\"ListItem\",\"position\":1,\"name\":\"Startseite\",\"item\":\"https:\\\/\\\/sst-augsburg.de\\\/cms\\\/\"},{\"@type\":\"ListItem\",\"position\":2,\"name\":\"Stellenangebot\"}]},{\"@type\":\"WebSite\",\"@id\":\"https:\\\/\\\/sst-augsburg.de\\\/cms\\\/#website\",\"url\":\"https:\\\/\\\/sst-augsburg.de\\\/cms\\\/\",\"name\":\"Schlo\u00df- und Sicherheitstechnik Wanzel Erwin e.K.\",\"description\":\"Schlie\u00dfanlagen, Sicherheitstechnik, Schl\u00fcsseldienst, Schlossereiarbeiten\",\"potentialAction\":[{\"@type\":\"SearchAction\",\"target\":{\"@type\":\"EntryPoint\",\"urlTemplate\":\"https:\\\/\\\/sst-augsburg.de\\\/cms\\\/?s={search_term_string}\"},\"query-input\":{\"@type\":\"PropertyValueSpecification\",\"valueRequired\":true,\"valueName\":\"search_term_string\"}}],\"inLanguage\":\"de\"}]}<\/script>\n<!-- \/ Yoast SEO plugin. -->","yoast_head_json":{"title":"Stellenangebot - Schlo\u00df- und Sicherheitstechnik Wanzel Erwin e.K.","robots":{"index":"index","follow":"follow","max-snippet":"max-snippet:-1","max-image-preview":"max-image-preview:large","max-video-preview":"max-video-preview:-1"},"canonical":"https:\/\/sst-augsburg.de\/cms\/aktuelles\/","og_locale":"de_DE","og_type":"article","og_title":"Stellenangebot - Schlo\u00df- und Sicherheitstechnik Wanzel Erwin e.K.","og_description":"[vc_row type=&#8221;container&#8221;][vc_column][vc_cta h2=&#8221;WIR SUCHEN DICH!&#8221; add_button=&#8221;bottom&#8221; btn_title=&#8221;E-Mail&#8221; css_animation=&#8221;rotateIn&#8221; btn_link=&#8221;url:mailto%3Asicherheit%40sst-augsburg.de|title:sicherheit%40sst-augsburg.de|target:_blank&#8221;] Du suchst eine neue Herausforderung? Bist zuverl\u00e4ssig und kompetent? Du hast Spa\u00df im Umgang mit Menschen? Hast vielleicht sogar Erfahrung in dem Spektrum Einbruchschutz und Schlie\u00dfanlagen? Du arbeitest gerne k\u00f6rperlich und bist dir nicht zu schade, auch mal schwerer mit anzupacken? Haben wir Dein Interesse geweckt? [&hellip;]","og_url":"https:\/\/sst-augsburg.de\/cms\/aktuelles\/","og_site_name":"Schlo\u00df- und Sicherheitstechnik Wanzel Erwin e.K.","article_modified_time":"2022-03-04T14:19:46+00:00","twitter_card":"summary_large_image","twitter_misc":{"Gesch\u00e4tzte Lesezeit":"1\u00a0Minute"},"schema":{"@context":"https:\/\/schema.org","@graph":[{"@type":"WebPage","@id":"https:\/\/sst-augsburg.de\/cms\/aktuelles\/","url":"https:\/\/sst-augsburg.de\/cms\/aktuelles\/","name":"Stellenangebot - Schlo\u00df- und Sicherheitstechnik Wanzel Erwin e.K.","isPartOf":{"@id":"https:\/\/sst-augsburg.de\/cms\/#website"},"datePublished":"2022-02-18T15:00:00+00:00","dateModified":"2022-03-04T14:19:46+00:00","breadcrumb":{"@id":"https:\/\/sst-augsburg.de\/cms\/aktuelles\/#breadcrumb"},"inLanguage":"de","potentialAction":[{"@type":"ReadAction","target":["https:\/\/sst-augsburg.de\/cms\/aktuelles\/"]}]},{"@type":"BreadcrumbList","@id":"https:\/\/sst-augsburg.de\/cms\/aktuelles\/#breadcrumb","itemListElement":[{"@type":"ListItem","position":1,"name":"Startseite","item":"https:\/\/sst-augsburg.de\/cms\/"},{"@type":"ListItem","position":2,"name":"Stellenangebot"}]},{"@type":"WebSite","@id":"https:\/\/sst-augsburg.de\/cms\/#website","url":"https:\/\/sst-augsburg.de\/cms\/","name":"Schlo\u00df- und Sicherheitstechnik Wanzel Erwin e.K.","description":"Schlie\u00dfanlagen, Sicherheitstechnik, Schl\u00fcsseldienst, Schlossereiarbeiten","potentialAction":[{"@type":"SearchAction","target":{"@type":"EntryPoint","urlTemplate":"https:\/\/sst-augsburg.de\/cms\/?s={search_term_string}"},"query-input":{"@type":"PropertyValueSpecification","valueRequired":true,"valueName":"search_term_string"}}],"inLanguage":"de"}]}},"_links":{"self":[{"href":"http:\/\/sst-augsburg.de\/cms\/wp-json\/wp\/v2\/pages\/71582","targetHints":{"allow":["GET"]}}],"collection":[{"href":"http:\/\/sst-augsburg.de\/cms\/wp-json\/wp\/v2\/pages"}],"about":[{"href":"http:\/\/sst-augsburg.de\/cms\/wp-json\/wp\/v2\/types\/page"}],"author":[{"embeddable":true,"href":"http:\/\/sst-augsburg.de\/cms\/wp-json\/wp\/v2\/users\/1"}],"replies":[{"embeddable":true,"href":"http:\/\/sst-augsburg.de\/cms\/wp-json\/wp\/v2\/comments?post=71582"}],"version-history":[{"count":16,"href":"http:\/\/sst-augsburg.de\/cms\/wp-json\/wp\/v2\/pages\/71582\/revisions"}],"predecessor-version":[{"id":71605,"href":"http:\/\/sst-augsburg.de\/cms\/wp-json\/wp\/v2\/pages\/71582\/revisions\/71605"}],"wp:attachment":[{"href":"http:\/\/sst-augsburg.de\/cms\/wp-json\/wp\/v2\/media?parent=71582"}],"curies":[{"name":"wp","href":"https:\/\/api.w.org\/{rel}","templated":true}]}}