{"id":71323,"date":"2018-01-26T10:12:16","date_gmt":"2018-01-26T10:12:16","guid":{"rendered":"http:\/\/sst-augsburg.de\/cms\/?page_id=71323"},"modified":"2018-01-26T10:12:16","modified_gmt":"2018-01-26T10:12:16","slug":"schliessanlagen-2-2","status":"publish","type":"page","link":"http:\/\/sst-augsburg.de\/cms\/service-2\/schliessanlagen-2-2\/","title":{"rendered":"Schlossereiarbeiten"},"content":{"rendered":"<section class=\"wpb-content-wrapper\"><p>[vc_row type=&#8221;container&#8221; padding_top=&#8221;&#8221; padding_bottom=&#8221;&#8221; css=&#8221;.vc_custom_1516961243043{margin-bottom: 0px !important;}&#8221;][vc_column width=&#8221;1\/2&#8243;][vc_column_text]In unserem neuen Firmengeb\u00e4ude haben wir nun auch eine kleine Schlosserei eingerichtet.<\/p>\n<p>Gerne fertigen wir speziell nach Ihren W\u00fcnschen<\/p>\n<p>&#8211; Einbruchschutzgitter<br \/>\n&#8211; Gartent\u00fcren<br \/>\n&#8211; Gittert\u00fcren<\/p>\n<p>Wir beraten Sie hierzu gerne![\/vc_column_text][\/vc_column][vc_column width=&#8221;1\/2&#8243;][\/vc_column][\/vc_row][vc_row type=&#8221;container&#8221; padding_top=&#8221;&#8221; padding_bottom=&#8221;&#8221; css=&#8221;.vc_custom_1444503683289{margin-bottom: 0px !important;}&#8221;][vc_column][vc_separator color=&#8221;#e2e2e2&#8243; type=&#8221;normal&#8221; thickness=&#8221;1&#8243; up=&#8221;&#8221; down=&#8221;&#8221; el_class=&#8221;dotted&#8221;][\/vc_column][\/vc_row]<\/p>\n<\/section>","protected":false},"excerpt":{"rendered":"<p>[vc_row type=&#8221;container&#8221; padding_top=&#8221;&#8221; padding_bottom=&#8221;&#8221; css=&#8221;.vc_custom_1516961243043{margin-bottom: 0px !important;}&#8221;][vc_column width=&#8221;1\/2&#8243;][vc_column_text]In unserem neuen Firmengeb\u00e4ude haben wir nun auch eine kleine Schlosserei eingerichtet. Gerne fertigen wir speziell nach Ihren W\u00fcnschen &#8211; Einbruchschutzgitter &#8211; Gartent\u00fcren &#8211; Gittert\u00fcren Wir beraten Sie hierzu gerne![\/vc_column_text][\/vc_column][vc_column width=&#8221;1\/2&#8243;][\/vc_column][\/vc_row][vc_row type=&#8221;container&#8221; padding_top=&#8221;&#8221; padding_bottom=&#8221;&#8221; css=&#8221;.vc_custom_1444503683289{margin-bottom: 0px !important;}&#8221;][vc_column][vc_separator color=&#8221;#e2e2e2&#8243; type=&#8221;normal&#8221; thickness=&#8221;1&#8243; up=&#8221;&#8221; down=&#8221;&#8221; el_class=&#8221;dotted&#8221;][\/vc_column][\/vc_row]<\/p>\n","protected":false},"author":1,"featured_media":70778,"parent":71030,"menu_order":1,"comment_status":"closed","ping_status":"closed","template":"","meta":{"_acf_changed":false,"footnotes":""},"class_list":["post-71323","page","type-page","status-publish","has-post-thumbnail","hentry"],"acf":[],"yoast_head":"<!-- This site is optimized with the Yoast SEO plugin v27.4 - https:\/\/yoast.com\/product\/yoast-seo-wordpress\/ -->\n<title>Schlossereiarbeiten - Schlo\u00df- und Sicherheitstechnik Wanzel Erwin e.K.<\/title>\n<meta name=\"description\" content=\"Agricultural science is a broad multidisciplinary field of biology that encompasses the parts of exact, natural, economic and social sciences that are used in the practice and understanding of agriculture.\" \/>\n<meta name=\"robots\" content=\"index, follow, max-snippet:-1, max-image-preview:large, max-video-preview:-1\" \/>\n<link rel=\"canonical\" href=\"https:\/\/sst-augsburg.de\/cms\/service-2\/schliessanlagen-2-2\/\" \/>\n<meta property=\"og:locale\" content=\"de_DE\" \/>\n<meta property=\"og:type\" content=\"article\" \/>\n<meta property=\"og:title\" content=\"Schlossereiarbeiten - Schlo\u00df- und Sicherheitstechnik Wanzel Erwin e.K.\" \/>\n<meta property=\"og:description\" content=\"Agricultural science is a broad multidisciplinary field of biology that encompasses the parts of exact, natural, economic and social sciences that are used in the practice and understanding of agriculture.\" \/>\n<meta property=\"og:url\" content=\"https:\/\/sst-augsburg.de\/cms\/service-2\/schliessanlagen-2-2\/\" \/>\n<meta property=\"og:site_name\" content=\"Schlo\u00df- und Sicherheitstechnik Wanzel Erwin e.K.\" \/>\n<meta name=\"twitter:card\" content=\"summary_large_image\" \/>\n<meta name=\"twitter:label1\" content=\"Gesch\u00e4tzte Lesezeit\" \/>\n\t<meta name=\"twitter:data1\" content=\"1\u00a0Minute\" \/>\n<script type=\"application\/ld+json\" class=\"yoast-schema-graph\">{\"@context\":\"https:\\\/\\\/schema.org\",\"@graph\":[{\"@type\":\"WebPage\",\"@id\":\"https:\\\/\\\/sst-augsburg.de\\\/cms\\\/service-2\\\/schliessanlagen-2-2\\\/\",\"url\":\"https:\\\/\\\/sst-augsburg.de\\\/cms\\\/service-2\\\/schliessanlagen-2-2\\\/\",\"name\":\"Schlossereiarbeiten - Schlo\u00df- und Sicherheitstechnik Wanzel Erwin e.K.\",\"isPartOf\":{\"@id\":\"https:\\\/\\\/sst-augsburg.de\\\/cms\\\/#website\"},\"primaryImageOfPage\":{\"@id\":\"https:\\\/\\\/sst-augsburg.de\\\/cms\\\/service-2\\\/schliessanlagen-2-2\\\/#primaryimage\"},\"image\":{\"@id\":\"https:\\\/\\\/sst-augsburg.de\\\/cms\\\/service-2\\\/schliessanlagen-2-2\\\/#primaryimage\"},\"thumbnailUrl\":\"\",\"datePublished\":\"2018-01-26T10:12:16+00:00\",\"description\":\"Agricultural science is a broad multidisciplinary field of biology that encompasses the parts of exact, natural, economic and social sciences that are used in the practice and understanding of agriculture.\",\"breadcrumb\":{\"@id\":\"https:\\\/\\\/sst-augsburg.de\\\/cms\\\/service-2\\\/schliessanlagen-2-2\\\/#breadcrumb\"},\"inLanguage\":\"de\",\"potentialAction\":[{\"@type\":\"ReadAction\",\"target\":[\"https:\\\/\\\/sst-augsburg.de\\\/cms\\\/service-2\\\/schliessanlagen-2-2\\\/\"]}]},{\"@type\":\"ImageObject\",\"inLanguage\":\"de\",\"@id\":\"https:\\\/\\\/sst-augsburg.de\\\/cms\\\/service-2\\\/schliessanlagen-2-2\\\/#primaryimage\",\"url\":\"\",\"contentUrl\":\"\"},{\"@type\":\"BreadcrumbList\",\"@id\":\"https:\\\/\\\/sst-augsburg.de\\\/cms\\\/service-2\\\/schliessanlagen-2-2\\\/#breadcrumb\",\"itemListElement\":[{\"@type\":\"ListItem\",\"position\":1,\"name\":\"Startseite\",\"item\":\"https:\\\/\\\/sst-augsburg.de\\\/cms\\\/\"},{\"@type\":\"ListItem\",\"position\":2,\"name\":\"Solutions\",\"item\":\"https:\\\/\\\/sst-augsburg.de\\\/cms\\\/service-2\\\/\"},{\"@type\":\"ListItem\",\"position\":3,\"name\":\"Schlossereiarbeiten\"}]},{\"@type\":\"WebSite\",\"@id\":\"https:\\\/\\\/sst-augsburg.de\\\/cms\\\/#website\",\"url\":\"https:\\\/\\\/sst-augsburg.de\\\/cms\\\/\",\"name\":\"Schlo\u00df- und Sicherheitstechnik Wanzel Erwin e.K.\",\"description\":\"Schlie\u00dfanlagen, Sicherheitstechnik, Schl\u00fcsseldienst, Schlossereiarbeiten\",\"potentialAction\":[{\"@type\":\"SearchAction\",\"target\":{\"@type\":\"EntryPoint\",\"urlTemplate\":\"https:\\\/\\\/sst-augsburg.de\\\/cms\\\/?s={search_term_string}\"},\"query-input\":{\"@type\":\"PropertyValueSpecification\",\"valueRequired\":true,\"valueName\":\"search_term_string\"}}],\"inLanguage\":\"de\"}]}<\/script>\n<!-- \/ Yoast SEO plugin. -->","yoast_head_json":{"title":"Schlossereiarbeiten - Schlo\u00df- und Sicherheitstechnik Wanzel Erwin e.K.","description":"Agricultural science is a broad multidisciplinary field of biology that encompasses the parts of exact, natural, economic and social sciences that are used in the practice and understanding of agriculture.","robots":{"index":"index","follow":"follow","max-snippet":"max-snippet:-1","max-image-preview":"max-image-preview:large","max-video-preview":"max-video-preview:-1"},"canonical":"https:\/\/sst-augsburg.de\/cms\/service-2\/schliessanlagen-2-2\/","og_locale":"de_DE","og_type":"article","og_title":"Schlossereiarbeiten - Schlo\u00df- und Sicherheitstechnik Wanzel Erwin e.K.","og_description":"Agricultural science is a broad multidisciplinary field of biology that encompasses the parts of exact, natural, economic and social sciences that are used in the practice and understanding of agriculture.","og_url":"https:\/\/sst-augsburg.de\/cms\/service-2\/schliessanlagen-2-2\/","og_site_name":"Schlo\u00df- und Sicherheitstechnik Wanzel Erwin e.K.","twitter_card":"summary_large_image","twitter_misc":{"Gesch\u00e4tzte Lesezeit":"1\u00a0Minute"},"schema":{"@context":"https:\/\/schema.org","@graph":[{"@type":"WebPage","@id":"https:\/\/sst-augsburg.de\/cms\/service-2\/schliessanlagen-2-2\/","url":"https:\/\/sst-augsburg.de\/cms\/service-2\/schliessanlagen-2-2\/","name":"Schlossereiarbeiten - Schlo\u00df- und Sicherheitstechnik Wanzel Erwin e.K.","isPartOf":{"@id":"https:\/\/sst-augsburg.de\/cms\/#website"},"primaryImageOfPage":{"@id":"https:\/\/sst-augsburg.de\/cms\/service-2\/schliessanlagen-2-2\/#primaryimage"},"image":{"@id":"https:\/\/sst-augsburg.de\/cms\/service-2\/schliessanlagen-2-2\/#primaryimage"},"thumbnailUrl":"","datePublished":"2018-01-26T10:12:16+00:00","description":"Agricultural science is a broad multidisciplinary field of biology that encompasses the parts of exact, natural, economic and social sciences that are used in the practice and understanding of agriculture.","breadcrumb":{"@id":"https:\/\/sst-augsburg.de\/cms\/service-2\/schliessanlagen-2-2\/#breadcrumb"},"inLanguage":"de","potentialAction":[{"@type":"ReadAction","target":["https:\/\/sst-augsburg.de\/cms\/service-2\/schliessanlagen-2-2\/"]}]},{"@type":"ImageObject","inLanguage":"de","@id":"https:\/\/sst-augsburg.de\/cms\/service-2\/schliessanlagen-2-2\/#primaryimage","url":"","contentUrl":""},{"@type":"BreadcrumbList","@id":"https:\/\/sst-augsburg.de\/cms\/service-2\/schliessanlagen-2-2\/#breadcrumb","itemListElement":[{"@type":"ListItem","position":1,"name":"Startseite","item":"https:\/\/sst-augsburg.de\/cms\/"},{"@type":"ListItem","position":2,"name":"Solutions","item":"https:\/\/sst-augsburg.de\/cms\/service-2\/"},{"@type":"ListItem","position":3,"name":"Schlossereiarbeiten"}]},{"@type":"WebSite","@id":"https:\/\/sst-augsburg.de\/cms\/#website","url":"https:\/\/sst-augsburg.de\/cms\/","name":"Schlo\u00df- und Sicherheitstechnik Wanzel Erwin e.K.","description":"Schlie\u00dfanlagen, Sicherheitstechnik, Schl\u00fcsseldienst, Schlossereiarbeiten","potentialAction":[{"@type":"SearchAction","target":{"@type":"EntryPoint","urlTemplate":"https:\/\/sst-augsburg.de\/cms\/?s={search_term_string}"},"query-input":{"@type":"PropertyValueSpecification","valueRequired":true,"valueName":"search_term_string"}}],"inLanguage":"de"}]}},"_links":{"self":[{"href":"http:\/\/sst-augsburg.de\/cms\/wp-json\/wp\/v2\/pages\/71323","targetHints":{"allow":["GET"]}}],"collection":[{"href":"http:\/\/sst-augsburg.de\/cms\/wp-json\/wp\/v2\/pages"}],"about":[{"href":"http:\/\/sst-augsburg.de\/cms\/wp-json\/wp\/v2\/types\/page"}],"author":[{"embeddable":true,"href":"http:\/\/sst-augsburg.de\/cms\/wp-json\/wp\/v2\/users\/1"}],"replies":[{"embeddable":true,"href":"http:\/\/sst-augsburg.de\/cms\/wp-json\/wp\/v2\/comments?post=71323"}],"version-history":[{"count":1,"href":"http:\/\/sst-augsburg.de\/cms\/wp-json\/wp\/v2\/pages\/71323\/revisions"}],"predecessor-version":[{"id":71324,"href":"http:\/\/sst-augsburg.de\/cms\/wp-json\/wp\/v2\/pages\/71323\/revisions\/71324"}],"up":[{"embeddable":true,"href":"http:\/\/sst-augsburg.de\/cms\/wp-json\/wp\/v2\/pages\/71030"}],"wp:featuredmedia":[{"embeddable":true,"href":"http:\/\/sst-augsburg.de\/cms\/wp-json\/"}],"wp:attachment":[{"href":"http:\/\/sst-augsburg.de\/cms\/wp-json\/wp\/v2\/media?parent=71323"}],"curies":[{"name":"wp","href":"https:\/\/api.w.org\/{rel}","templated":true}]}}