{"id":71044,"date":"2015-10-09T14:06:33","date_gmt":"2015-10-09T14:06:33","guid":{"rendered":"http:\/\/broker.commercegurus.com\/?page_id=110"},"modified":"2018-01-26T10:24:08","modified_gmt":"2018-01-26T10:24:08","slug":"haus-eingangs-innentueren","status":"publish","type":"page","link":"http:\/\/sst-augsburg.de\/cms\/service-2\/haus-eingangs-innentueren\/","title":{"rendered":"Haus-, Eingangs- und Innent\u00fcren"},"content":{"rendered":"<section class=\"wpb-content-wrapper\"><p>[vc_row type=&#8221;container&#8221; padding_top=&#8221;&#8221; padding_bottom=&#8221;&#8221; css=&#8221;.vc_custom_1445095550748{margin-bottom: 0px !important;}&#8221;][vc_column][vc_column_text]<\/p>\n<h2>Haust\u00fcren<\/h2>\n<p>Unser Partner f\u00fcr Haust\u00fcren ist die <strong>Firma GRAUTE<\/strong>.<\/p>\n<p>Diese bietet ein weitgef\u00e4chertes Sortiment an, das wir Ihnen gerne zeigen. Ob modern, oder auch einfach und schlicht, wir haben das Richtige f\u00fcr Sie. Die GRAUTE Haust\u00fcren zeichnen sich durch Ihr einzigartiges System aus: Die exklusive verschwei\u00dfte Eckverbindung bietet neben ausgezeichneter Stabilit\u00e4t, erh\u00f6hter Korrosionsbest\u00e4ndigkeit und Pflegeleichtigkeit, eine Eleganz und \u00c4sthetik, die f\u00fcr eine auf herk\u00f6mmliche Weise gefertigte T\u00fcr unerreichbar ist.<\/p>\n<h2>Eingangs- &amp; Innent\u00fcren<\/h2>\n<p>Wenn Sie auf der Suche nach Eingangs- oder Innent\u00fcren sind, zeigen wir Ihnen gerne verschiedene Ausf\u00fchrungen der<strong> Firma BURGER<\/strong>. Egal ob Echtholz-, oder CPL-T\u00fcren, wir finden was Sie suchen![\/vc_column_text][\/vc_column][\/vc_row][vc_row type=&#8221;container&#8221;][vc_column][vc_masonry_media_grid grid_id=&#8221;vc_gid:1516962223918-f02cb136-9191-10&#8243; include=&#8221;71328,71329,71331&#8243;][\/vc_column][\/vc_row]<\/p>\n<\/section>","protected":false},"excerpt":{"rendered":"<p>[vc_row type=&#8221;container&#8221; padding_top=&#8221;&#8221; padding_bottom=&#8221;&#8221; css=&#8221;.vc_custom_1445095550748{margin-bottom: 0px !important;}&#8221;][vc_column][vc_column_text] Haust\u00fcren Unser Partner f\u00fcr Haust\u00fcren ist die Firma GRAUTE. Diese bietet ein weitgef\u00e4chertes Sortiment an, das wir Ihnen gerne zeigen. Ob modern, oder auch einfach und schlicht, wir haben das Richtige f\u00fcr Sie. Die GRAUTE Haust\u00fcren zeichnen sich durch Ihr einzigartiges System aus: Die exklusive verschwei\u00dfte Eckverbindung bietet [&hellip;]<\/p>\n","protected":false},"author":1,"featured_media":70691,"parent":71030,"menu_order":4,"comment_status":"closed","ping_status":"closed","template":"","meta":{"_acf_changed":false,"footnotes":""},"class_list":["post-71044","page","type-page","status-publish","has-post-thumbnail","hentry"],"acf":[],"yoast_head":"<!-- This site is optimized with the Yoast SEO plugin v27.4 - https:\/\/yoast.com\/product\/yoast-seo-wordpress\/ -->\n<title>Haus-, Eingangs- und Innent\u00fcren - Schlo\u00df- und Sicherheitstechnik Wanzel Erwin e.K.<\/title>\n<meta name=\"description\" content=\"It involves the design, production, and operation of machinery.\" \/>\n<meta name=\"robots\" content=\"index, follow, max-snippet:-1, max-image-preview:large, max-video-preview:-1\" \/>\n<link rel=\"canonical\" href=\"https:\/\/sst-augsburg.de\/cms\/service-2\/haus-eingangs-innentueren\/\" \/>\n<meta property=\"og:locale\" content=\"de_DE\" \/>\n<meta property=\"og:type\" content=\"article\" \/>\n<meta property=\"og:title\" content=\"Haus-, Eingangs- und Innent\u00fcren - Schlo\u00df- und Sicherheitstechnik Wanzel Erwin e.K.\" \/>\n<meta property=\"og:description\" content=\"It involves the design, production, and operation of machinery.\" \/>\n<meta property=\"og:url\" content=\"https:\/\/sst-augsburg.de\/cms\/service-2\/haus-eingangs-innentueren\/\" \/>\n<meta property=\"og:site_name\" content=\"Schlo\u00df- und Sicherheitstechnik Wanzel Erwin e.K.\" \/>\n<meta property=\"article:modified_time\" content=\"2018-01-26T10:24:08+00:00\" \/>\n<meta name=\"twitter:card\" content=\"summary_large_image\" \/>\n<meta name=\"twitter:label1\" content=\"Gesch\u00e4tzte Lesezeit\" \/>\n\t<meta name=\"twitter:data1\" content=\"1\u00a0Minute\" \/>\n<script type=\"application\/ld+json\" class=\"yoast-schema-graph\">{\"@context\":\"https:\\\/\\\/schema.org\",\"@graph\":[{\"@type\":\"WebPage\",\"@id\":\"https:\\\/\\\/sst-augsburg.de\\\/cms\\\/service-2\\\/haus-eingangs-innentueren\\\/\",\"url\":\"https:\\\/\\\/sst-augsburg.de\\\/cms\\\/service-2\\\/haus-eingangs-innentueren\\\/\",\"name\":\"Haus-, Eingangs- und Innent\u00fcren - Schlo\u00df- und Sicherheitstechnik Wanzel Erwin e.K.\",\"isPartOf\":{\"@id\":\"https:\\\/\\\/sst-augsburg.de\\\/cms\\\/#website\"},\"primaryImageOfPage\":{\"@id\":\"https:\\\/\\\/sst-augsburg.de\\\/cms\\\/service-2\\\/haus-eingangs-innentueren\\\/#primaryimage\"},\"image\":{\"@id\":\"https:\\\/\\\/sst-augsburg.de\\\/cms\\\/service-2\\\/haus-eingangs-innentueren\\\/#primaryimage\"},\"thumbnailUrl\":\"\",\"datePublished\":\"2015-10-09T14:06:33+00:00\",\"dateModified\":\"2018-01-26T10:24:08+00:00\",\"description\":\"It involves the design, production, and operation of machinery.\",\"breadcrumb\":{\"@id\":\"https:\\\/\\\/sst-augsburg.de\\\/cms\\\/service-2\\\/haus-eingangs-innentueren\\\/#breadcrumb\"},\"inLanguage\":\"de\",\"potentialAction\":[{\"@type\":\"ReadAction\",\"target\":[\"https:\\\/\\\/sst-augsburg.de\\\/cms\\\/service-2\\\/haus-eingangs-innentueren\\\/\"]}]},{\"@type\":\"ImageObject\",\"inLanguage\":\"de\",\"@id\":\"https:\\\/\\\/sst-augsburg.de\\\/cms\\\/service-2\\\/haus-eingangs-innentueren\\\/#primaryimage\",\"url\":\"\",\"contentUrl\":\"\"},{\"@type\":\"BreadcrumbList\",\"@id\":\"https:\\\/\\\/sst-augsburg.de\\\/cms\\\/service-2\\\/haus-eingangs-innentueren\\\/#breadcrumb\",\"itemListElement\":[{\"@type\":\"ListItem\",\"position\":1,\"name\":\"Startseite\",\"item\":\"https:\\\/\\\/sst-augsburg.de\\\/cms\\\/\"},{\"@type\":\"ListItem\",\"position\":2,\"name\":\"Solutions\",\"item\":\"https:\\\/\\\/sst-augsburg.de\\\/cms\\\/service-2\\\/\"},{\"@type\":\"ListItem\",\"position\":3,\"name\":\"Haus-, Eingangs- und Innent\u00fcren\"}]},{\"@type\":\"WebSite\",\"@id\":\"https:\\\/\\\/sst-augsburg.de\\\/cms\\\/#website\",\"url\":\"https:\\\/\\\/sst-augsburg.de\\\/cms\\\/\",\"name\":\"Schlo\u00df- und Sicherheitstechnik Wanzel Erwin e.K.\",\"description\":\"Schlie\u00dfanlagen, Sicherheitstechnik, Schl\u00fcsseldienst, Schlossereiarbeiten\",\"potentialAction\":[{\"@type\":\"SearchAction\",\"target\":{\"@type\":\"EntryPoint\",\"urlTemplate\":\"https:\\\/\\\/sst-augsburg.de\\\/cms\\\/?s={search_term_string}\"},\"query-input\":{\"@type\":\"PropertyValueSpecification\",\"valueRequired\":true,\"valueName\":\"search_term_string\"}}],\"inLanguage\":\"de\"}]}<\/script>\n<!-- \/ Yoast SEO plugin. -->","yoast_head_json":{"title":"Haus-, Eingangs- und Innent\u00fcren - Schlo\u00df- und Sicherheitstechnik Wanzel Erwin e.K.","description":"It involves the design, production, and operation of machinery.","robots":{"index":"index","follow":"follow","max-snippet":"max-snippet:-1","max-image-preview":"max-image-preview:large","max-video-preview":"max-video-preview:-1"},"canonical":"https:\/\/sst-augsburg.de\/cms\/service-2\/haus-eingangs-innentueren\/","og_locale":"de_DE","og_type":"article","og_title":"Haus-, Eingangs- und Innent\u00fcren - Schlo\u00df- und Sicherheitstechnik Wanzel Erwin e.K.","og_description":"It involves the design, production, and operation of machinery.","og_url":"https:\/\/sst-augsburg.de\/cms\/service-2\/haus-eingangs-innentueren\/","og_site_name":"Schlo\u00df- und Sicherheitstechnik Wanzel Erwin e.K.","article_modified_time":"2018-01-26T10:24:08+00:00","twitter_card":"summary_large_image","twitter_misc":{"Gesch\u00e4tzte Lesezeit":"1\u00a0Minute"},"schema":{"@context":"https:\/\/schema.org","@graph":[{"@type":"WebPage","@id":"https:\/\/sst-augsburg.de\/cms\/service-2\/haus-eingangs-innentueren\/","url":"https:\/\/sst-augsburg.de\/cms\/service-2\/haus-eingangs-innentueren\/","name":"Haus-, Eingangs- und Innent\u00fcren - Schlo\u00df- und Sicherheitstechnik Wanzel Erwin e.K.","isPartOf":{"@id":"https:\/\/sst-augsburg.de\/cms\/#website"},"primaryImageOfPage":{"@id":"https:\/\/sst-augsburg.de\/cms\/service-2\/haus-eingangs-innentueren\/#primaryimage"},"image":{"@id":"https:\/\/sst-augsburg.de\/cms\/service-2\/haus-eingangs-innentueren\/#primaryimage"},"thumbnailUrl":"","datePublished":"2015-10-09T14:06:33+00:00","dateModified":"2018-01-26T10:24:08+00:00","description":"It involves the design, production, and operation of machinery.","breadcrumb":{"@id":"https:\/\/sst-augsburg.de\/cms\/service-2\/haus-eingangs-innentueren\/#breadcrumb"},"inLanguage":"de","potentialAction":[{"@type":"ReadAction","target":["https:\/\/sst-augsburg.de\/cms\/service-2\/haus-eingangs-innentueren\/"]}]},{"@type":"ImageObject","inLanguage":"de","@id":"https:\/\/sst-augsburg.de\/cms\/service-2\/haus-eingangs-innentueren\/#primaryimage","url":"","contentUrl":""},{"@type":"BreadcrumbList","@id":"https:\/\/sst-augsburg.de\/cms\/service-2\/haus-eingangs-innentueren\/#breadcrumb","itemListElement":[{"@type":"ListItem","position":1,"name":"Startseite","item":"https:\/\/sst-augsburg.de\/cms\/"},{"@type":"ListItem","position":2,"name":"Solutions","item":"https:\/\/sst-augsburg.de\/cms\/service-2\/"},{"@type":"ListItem","position":3,"name":"Haus-, Eingangs- und Innent\u00fcren"}]},{"@type":"WebSite","@id":"https:\/\/sst-augsburg.de\/cms\/#website","url":"https:\/\/sst-augsburg.de\/cms\/","name":"Schlo\u00df- und Sicherheitstechnik Wanzel Erwin e.K.","description":"Schlie\u00dfanlagen, Sicherheitstechnik, Schl\u00fcsseldienst, Schlossereiarbeiten","potentialAction":[{"@type":"SearchAction","target":{"@type":"EntryPoint","urlTemplate":"https:\/\/sst-augsburg.de\/cms\/?s={search_term_string}"},"query-input":{"@type":"PropertyValueSpecification","valueRequired":true,"valueName":"search_term_string"}}],"inLanguage":"de"}]}},"_links":{"self":[{"href":"http:\/\/sst-augsburg.de\/cms\/wp-json\/wp\/v2\/pages\/71044","targetHints":{"allow":["GET"]}}],"collection":[{"href":"http:\/\/sst-augsburg.de\/cms\/wp-json\/wp\/v2\/pages"}],"about":[{"href":"http:\/\/sst-augsburg.de\/cms\/wp-json\/wp\/v2\/types\/page"}],"author":[{"embeddable":true,"href":"http:\/\/sst-augsburg.de\/cms\/wp-json\/wp\/v2\/users\/1"}],"replies":[{"embeddable":true,"href":"http:\/\/sst-augsburg.de\/cms\/wp-json\/wp\/v2\/comments?post=71044"}],"version-history":[{"count":12,"href":"http:\/\/sst-augsburg.de\/cms\/wp-json\/wp\/v2\/pages\/71044\/revisions"}],"predecessor-version":[{"id":71334,"href":"http:\/\/sst-augsburg.de\/cms\/wp-json\/wp\/v2\/pages\/71044\/revisions\/71334"}],"up":[{"embeddable":true,"href":"http:\/\/sst-augsburg.de\/cms\/wp-json\/wp\/v2\/pages\/71030"}],"wp:featuredmedia":[{"embeddable":true,"href":"http:\/\/sst-augsburg.de\/cms\/wp-json\/"}],"wp:attachment":[{"href":"http:\/\/sst-augsburg.de\/cms\/wp-json\/wp\/v2\/media?parent=71044"}],"curies":[{"name":"wp","href":"https:\/\/api.w.org\/{rel}","templated":true}]}}