{"id":71030,"date":"2015-10-07T17:14:55","date_gmt":"2015-10-07T17:14:55","guid":{"rendered":"http:\/\/broker.commercegurus.com\/?page_id=73"},"modified":"2022-10-13T17:00:21","modified_gmt":"2022-10-13T17:00:21","slug":"service-2","status":"publish","type":"page","link":"http:\/\/sst-augsburg.de\/cms\/service-2\/","title":{"rendered":"Service"},"content":{"rendered":"<section class=\"wpb-content-wrapper\"><p>[vc_row type=&#8221;container&#8221; padding_top=&#8221;&#8221; padding_bottom=&#8221;&#8221; css=&#8221;.vc_custom_1447263760697{margin-bottom: 0px !important;padding-top: 50px !important;}&#8221;][vc_column width=&#8221;1\/4&#8243; css=&#8221;.vc_custom_1451766709466{margin-bottom: 35px !important;}&#8221;][vc_single_image image=&#8221;71063&#8243; img_size=&#8221;large&#8221; onclick=&#8221;custom_link&#8221; css_animation=&#8221;bottom-to-top&#8221; link=&#8221;http:\/\/sst-augsburg.de\/cms\/?page_id=147&#8243; css=&#8221;.vc_custom_1475670256180{border-bottom-width: 0px !important;}&#8221;][vc_column_text css=&#8221;.vc_custom_1475672988528{margin-top: -15px !important;margin-bottom: 20px !important;padding-right: 5px !important;}&#8221;]<\/p>\n<h4><a href=\"http:\/\/sst-augsburg.de\/cms\/?page_id=147\">Schlie\u00dfanlagen<\/a><\/h4>\n<h6>Mechanische und elektronische Schlie\u00dfsysteme sorgen f\u00fcr Sicherheit.<\/h6>\n<p><a class=\"more-link\" href=\"http:\/\/sst-augsburg.de\/cms\/?page_id=147\">Mehr &#8230;<\/a>[\/vc_column_text][\/vc_column][vc_column width=&#8221;1\/4&#8243; css=&#8221;.vc_custom_1451766722338{margin-bottom: 35px !important;}&#8221;][vc_single_image image=&#8221;71065&#8243; img_size=&#8221;large&#8221; onclick=&#8221;custom_link&#8221; css_animation=&#8221;bottom-to-top&#8221; link=&#8221;http:\/\/sst-augsburg.de\/cms\/?page_id=71047\/&#8221; css=&#8221;.vc_custom_1475670466145{border-bottom-width: 0px !important;}&#8221;][vc_column_text css=&#8221;.vc_custom_1475672188483{margin-top: -15px !important;margin-bottom: 20px !important;padding-right: 5px !important;}&#8221;]<\/p>\n<h4><a href=\"http:\/\/sst-augsburg.de\/cms\/?page_id=71047\">Einbruchschutzsysteme<\/a><\/h4>\n<h6>Ungesicherte Fenster und Terrassent\u00fcren sind ruckzuck mit einem Schraubendreher ge\u00f6ffnet.<\/h6>\n<p><a class=\"more-link\" href=\"http:\/\/sst-augsburg.de\/cms\/?page_id=71047\">Mehr &#8230;<\/a>[\/vc_column_text][\/vc_column][vc_column width=&#8221;1\/4&#8243; css=&#8221;.vc_custom_1451766735451{margin-bottom: 35px !important;}&#8221;][vc_single_image image=&#8221;71066&#8243; img_size=&#8221;large&#8221; onclick=&#8221;custom_link&#8221; css_animation=&#8221;bottom-to-top&#8221; link=&#8221;http:\/\/factory.commercegurus.com\/solutions\/material-engineering\/&#8221; css=&#8221;.vc_custom_1475668865290{border-bottom-width: 0px !important;}&#8221;][vc_column_text css=&#8221;.vc_custom_1475672668579{margin-top: -15px !important;margin-bottom: 20px !important;padding-right: 0px !important;}&#8221;]<\/p>\n<h4><a href=\"http:\/\/sst-augsburg.de\/cms\/?page_id=71046\">Reparatur &amp; Wartung<\/a><\/h4>\n<h6>Reparatur s\u00e4mtlicher Schl\u00f6sser, T\u00fcren und Tore.<\/h6>\n<p><a class=\"more-link\" href=\"http:\/\/sst-augsburg.de\/cms\/?page_id=71046\">Mehr &#8230;<\/a>[\/vc_column_text][\/vc_column][vc_column width=&#8221;1\/4&#8243;][vc_single_image image=&#8221;71068&#8243; img_size=&#8221;large&#8221; onclick=&#8221;custom_link&#8221; css_animation=&#8221;bottom-to-top&#8221; link=&#8221;http:\/\/factory.commercegurus.com\/solutions\/petroleum-and-gas\/&#8221; css=&#8221;.vc_custom_1475670865254{border-bottom-width: 0px !important;}&#8221;][vc_column_text css=&#8221;.vc_custom_1475673058594{margin-top: -15px !important;margin-bottom: 20px !important;padding-right: 5px !important;}&#8221;]<\/p>\n<h4><a href=\"http:\/\/sst-augsburg.de\/cms\/?page_id=71044\">Haus-, Eingangs-, Innent\u00fcren<\/a><\/h4>\n<h6>Hochwertige Haus- und Eingangst\u00fcren bieten mehr Sicherheit.<\/h6>\n<p><a class=\"more-link\" href=\"http:\/\/sst-augsburg.de\/cms\/?page_id=71044\">Mehr &#8230;<\/a>[\/vc_column_text][\/vc_column][\/vc_row]<\/p>\n<\/section>","protected":false},"excerpt":{"rendered":"<p>[vc_row type=&#8221;container&#8221; padding_top=&#8221;&#8221; padding_bottom=&#8221;&#8221; css=&#8221;.vc_custom_1447263760697{margin-bottom: 0px !important;padding-top: 50px !important;}&#8221;][vc_column width=&#8221;1\/4&#8243; css=&#8221;.vc_custom_1451766709466{margin-bottom: 35px !important;}&#8221;][vc_single_image image=&#8221;71063&#8243; img_size=&#8221;large&#8221; onclick=&#8221;custom_link&#8221; css_animation=&#8221;bottom-to-top&#8221; link=&#8221;http:\/\/sst-augsburg.de\/cms\/?page_id=147&#8243; css=&#8221;.vc_custom_1475670256180{border-bottom-width: 0px !important;}&#8221;][vc_column_text css=&#8221;.vc_custom_1475672988528{margin-top: -15px !important;margin-bottom: 20px !important;padding-right: 5px !important;}&#8221;] Schlie\u00dfanlagen Mechanische und elektronische Schlie\u00dfsysteme sorgen f\u00fcr Sicherheit. Mehr &#8230;[\/vc_column_text][\/vc_column][vc_column width=&#8221;1\/4&#8243; css=&#8221;.vc_custom_1451766722338{margin-bottom: 35px !important;}&#8221;][vc_single_image image=&#8221;71065&#8243; img_size=&#8221;large&#8221; onclick=&#8221;custom_link&#8221; css_animation=&#8221;bottom-to-top&#8221; link=&#8221;http:\/\/sst-augsburg.de\/cms\/?page_id=71047\/&#8221; css=&#8221;.vc_custom_1475670466145{border-bottom-width: 0px !important;}&#8221;][vc_column_text css=&#8221;.vc_custom_1475672188483{margin-top: -15px !important;margin-bottom: 20px !important;padding-right: [&hellip;]<\/p>\n","protected":false},"author":1,"featured_media":70838,"parent":0,"menu_order":0,"comment_status":"closed","ping_status":"closed","template":"page-full-width.php","meta":{"_acf_changed":false,"footnotes":""},"class_list":["post-71030","page","type-page","status-publish","has-post-thumbnail","hentry"],"acf":[],"yoast_head":"<!-- This site is optimized with the Yoast SEO plugin v27.4 - https:\/\/yoast.com\/product\/yoast-seo-wordpress\/ -->\n<title>Schlo\u00df- und Sicherheitstechnik Wanzel<\/title>\n<meta name=\"description\" content=\"schlie\u00dfanlagen sicherheitstechnik hausabsicherung\" \/>\n<meta name=\"robots\" content=\"index, follow, max-snippet:-1, max-image-preview:large, max-video-preview:-1\" \/>\n<link rel=\"canonical\" href=\"https:\/\/sst-augsburg.de\/cms\/service-2\/\" \/>\n<meta property=\"og:locale\" content=\"de_DE\" \/>\n<meta property=\"og:type\" content=\"article\" \/>\n<meta property=\"og:title\" content=\"Schlo\u00df- und Sicherheitstechnik Wanzel\" \/>\n<meta property=\"og:description\" content=\"schlie\u00dfanlagen sicherheitstechnik hausabsicherung\" \/>\n<meta property=\"og:url\" content=\"https:\/\/sst-augsburg.de\/cms\/service-2\/\" \/>\n<meta property=\"og:site_name\" content=\"Schlo\u00df- und Sicherheitstechnik Wanzel Erwin e.K.\" \/>\n<meta property=\"article:modified_time\" content=\"2022-10-13T17:00:21+00:00\" \/>\n<meta name=\"twitter:card\" content=\"summary_large_image\" \/>\n<meta name=\"twitter:label1\" content=\"Gesch\u00e4tzte Lesezeit\" \/>\n\t<meta name=\"twitter:data1\" content=\"1\u00a0Minute\" \/>\n<script type=\"application\/ld+json\" class=\"yoast-schema-graph\">{\"@context\":\"https:\\\/\\\/schema.org\",\"@graph\":[{\"@type\":\"WebPage\",\"@id\":\"https:\\\/\\\/sst-augsburg.de\\\/cms\\\/service-2\\\/\",\"url\":\"https:\\\/\\\/sst-augsburg.de\\\/cms\\\/service-2\\\/\",\"name\":\"Schlo\u00df- und Sicherheitstechnik Wanzel\",\"isPartOf\":{\"@id\":\"https:\\\/\\\/sst-augsburg.de\\\/cms\\\/#website\"},\"primaryImageOfPage\":{\"@id\":\"https:\\\/\\\/sst-augsburg.de\\\/cms\\\/service-2\\\/#primaryimage\"},\"image\":{\"@id\":\"https:\\\/\\\/sst-augsburg.de\\\/cms\\\/service-2\\\/#primaryimage\"},\"thumbnailUrl\":\"\",\"datePublished\":\"2015-10-07T17:14:55+00:00\",\"dateModified\":\"2022-10-13T17:00:21+00:00\",\"description\":\"schlie\u00dfanlagen sicherheitstechnik hausabsicherung\",\"breadcrumb\":{\"@id\":\"https:\\\/\\\/sst-augsburg.de\\\/cms\\\/service-2\\\/#breadcrumb\"},\"inLanguage\":\"de\",\"potentialAction\":[{\"@type\":\"ReadAction\",\"target\":[\"https:\\\/\\\/sst-augsburg.de\\\/cms\\\/service-2\\\/\"]}]},{\"@type\":\"ImageObject\",\"inLanguage\":\"de\",\"@id\":\"https:\\\/\\\/sst-augsburg.de\\\/cms\\\/service-2\\\/#primaryimage\",\"url\":\"\",\"contentUrl\":\"\"},{\"@type\":\"BreadcrumbList\",\"@id\":\"https:\\\/\\\/sst-augsburg.de\\\/cms\\\/service-2\\\/#breadcrumb\",\"itemListElement\":[{\"@type\":\"ListItem\",\"position\":1,\"name\":\"Startseite\",\"item\":\"https:\\\/\\\/sst-augsburg.de\\\/cms\\\/\"},{\"@type\":\"ListItem\",\"position\":2,\"name\":\"Solutions\"}]},{\"@type\":\"WebSite\",\"@id\":\"https:\\\/\\\/sst-augsburg.de\\\/cms\\\/#website\",\"url\":\"https:\\\/\\\/sst-augsburg.de\\\/cms\\\/\",\"name\":\"Schlo\u00df- und Sicherheitstechnik Wanzel Erwin e.K.\",\"description\":\"Schlie\u00dfanlagen, Sicherheitstechnik, Schl\u00fcsseldienst, Schlossereiarbeiten\",\"potentialAction\":[{\"@type\":\"SearchAction\",\"target\":{\"@type\":\"EntryPoint\",\"urlTemplate\":\"https:\\\/\\\/sst-augsburg.de\\\/cms\\\/?s={search_term_string}\"},\"query-input\":{\"@type\":\"PropertyValueSpecification\",\"valueRequired\":true,\"valueName\":\"search_term_string\"}}],\"inLanguage\":\"de\"}]}<\/script>\n<!-- \/ Yoast SEO plugin. -->","yoast_head_json":{"title":"Schlo\u00df- und Sicherheitstechnik Wanzel","description":"schlie\u00dfanlagen sicherheitstechnik hausabsicherung","robots":{"index":"index","follow":"follow","max-snippet":"max-snippet:-1","max-image-preview":"max-image-preview:large","max-video-preview":"max-video-preview:-1"},"canonical":"https:\/\/sst-augsburg.de\/cms\/service-2\/","og_locale":"de_DE","og_type":"article","og_title":"Schlo\u00df- und Sicherheitstechnik Wanzel","og_description":"schlie\u00dfanlagen sicherheitstechnik hausabsicherung","og_url":"https:\/\/sst-augsburg.de\/cms\/service-2\/","og_site_name":"Schlo\u00df- und Sicherheitstechnik Wanzel Erwin e.K.","article_modified_time":"2022-10-13T17:00:21+00:00","twitter_card":"summary_large_image","twitter_misc":{"Gesch\u00e4tzte Lesezeit":"1\u00a0Minute"},"schema":{"@context":"https:\/\/schema.org","@graph":[{"@type":"WebPage","@id":"https:\/\/sst-augsburg.de\/cms\/service-2\/","url":"https:\/\/sst-augsburg.de\/cms\/service-2\/","name":"Schlo\u00df- und Sicherheitstechnik Wanzel","isPartOf":{"@id":"https:\/\/sst-augsburg.de\/cms\/#website"},"primaryImageOfPage":{"@id":"https:\/\/sst-augsburg.de\/cms\/service-2\/#primaryimage"},"image":{"@id":"https:\/\/sst-augsburg.de\/cms\/service-2\/#primaryimage"},"thumbnailUrl":"","datePublished":"2015-10-07T17:14:55+00:00","dateModified":"2022-10-13T17:00:21+00:00","description":"schlie\u00dfanlagen sicherheitstechnik hausabsicherung","breadcrumb":{"@id":"https:\/\/sst-augsburg.de\/cms\/service-2\/#breadcrumb"},"inLanguage":"de","potentialAction":[{"@type":"ReadAction","target":["https:\/\/sst-augsburg.de\/cms\/service-2\/"]}]},{"@type":"ImageObject","inLanguage":"de","@id":"https:\/\/sst-augsburg.de\/cms\/service-2\/#primaryimage","url":"","contentUrl":""},{"@type":"BreadcrumbList","@id":"https:\/\/sst-augsburg.de\/cms\/service-2\/#breadcrumb","itemListElement":[{"@type":"ListItem","position":1,"name":"Startseite","item":"https:\/\/sst-augsburg.de\/cms\/"},{"@type":"ListItem","position":2,"name":"Solutions"}]},{"@type":"WebSite","@id":"https:\/\/sst-augsburg.de\/cms\/#website","url":"https:\/\/sst-augsburg.de\/cms\/","name":"Schlo\u00df- und Sicherheitstechnik Wanzel Erwin e.K.","description":"Schlie\u00dfanlagen, Sicherheitstechnik, Schl\u00fcsseldienst, Schlossereiarbeiten","potentialAction":[{"@type":"SearchAction","target":{"@type":"EntryPoint","urlTemplate":"https:\/\/sst-augsburg.de\/cms\/?s={search_term_string}"},"query-input":{"@type":"PropertyValueSpecification","valueRequired":true,"valueName":"search_term_string"}}],"inLanguage":"de"}]}},"_links":{"self":[{"href":"http:\/\/sst-augsburg.de\/cms\/wp-json\/wp\/v2\/pages\/71030","targetHints":{"allow":["GET"]}}],"collection":[{"href":"http:\/\/sst-augsburg.de\/cms\/wp-json\/wp\/v2\/pages"}],"about":[{"href":"http:\/\/sst-augsburg.de\/cms\/wp-json\/wp\/v2\/types\/page"}],"author":[{"embeddable":true,"href":"http:\/\/sst-augsburg.de\/cms\/wp-json\/wp\/v2\/users\/1"}],"replies":[{"embeddable":true,"href":"http:\/\/sst-augsburg.de\/cms\/wp-json\/wp\/v2\/comments?post=71030"}],"version-history":[{"count":14,"href":"http:\/\/sst-augsburg.de\/cms\/wp-json\/wp\/v2\/pages\/71030\/revisions"}],"predecessor-version":[{"id":71089,"href":"http:\/\/sst-augsburg.de\/cms\/wp-json\/wp\/v2\/pages\/71030\/revisions\/71089"}],"wp:featuredmedia":[{"embeddable":true,"href":"http:\/\/sst-augsburg.de\/cms\/wp-json\/"}],"wp:attachment":[{"href":"http:\/\/sst-augsburg.de\/cms\/wp-json\/wp\/v2\/media?parent=71030"}],"curies":[{"name":"wp","href":"https:\/\/api.w.org\/{rel}","templated":true}]}}