{"id":70990,"date":"2015-10-07T17:11:55","date_gmt":"2015-10-07T17:11:55","guid":{"rendered":"http:\/\/broker.commercegurus.com\/?page_id=69"},"modified":"2022-10-13T17:16:10","modified_gmt":"2022-10-13T17:16:10","slug":"ueberuns","status":"publish","type":"page","link":"http:\/\/sst-augsburg.de\/cms\/ueberuns\/","title":{"rendered":"\u00dcber uns"},"content":{"rendered":"<section class=\"wpb-content-wrapper\"><p>[vc_row type=&#8221;container&#8221; padding_top=&#8221;&#8221; padding_bottom=&#8221;&#8221; css=&#8221;.vc_custom_1451761032806{padding-top: 50px !important;}&#8221;][vc_column width=&#8221;2\/3&#8243; css=&#8221;.vc_custom_1449147431196{margin-bottom: 35px !important;}&#8221;][vc_column_text css=&#8221;.vc_custom_1516962927748{padding-right: 10px !important;}&#8221;]<\/p>\n<h3 style=\"margin-top: 0px;\">Wir bieten mehr<\/h3>\n<p>Denn bei uns arbeiten die Chefs pers\u00f6nlich und haben f\u00fcr Sie die besten Lieferanten ausgew\u00e4hlt, damit wir Ihnen das &#8220;MEHR&#8221; im Bereich der Schlie\u00df- bzw. Sicherheitstechnik bieten k\u00f6nnen.<\/p>\n<p>Seit \u00fcber 25 Jahren stehen wir im sprichw\u00f6rtlichen &#8220;Dienst des Kunden&#8221; und freuen uns \u00fcber das in uns gesetzte Vertrauen.<\/p>\n<p>Ein grosser, stetig wachsender Kundenstamm profitiert seit 1993 von unserem &#8220;RUND UM SERVICE&#8221;, der Ihnen s\u00e4mtliche anfallende Fragen und Probleme im Bereich &#8220;SICHERHEIT in allen Lebenslagen&#8221; abnimmt.<\/p>\n<p>Wir beraten Sie gerne![\/vc_column_text][\/vc_column][vc_column width=&#8221;1\/3&#8243;][vc_single_image image=&#8221;71496&#8243; img_size=&#8221;full&#8221;][\/vc_column][\/vc_row][vc_row type=&#8221;full_page_width_inner_container&#8221; padding_top=&#8221;&#8221; padding_bottom=&#8221;&#8221; css=&#8221;.vc_custom_1451760849278{margin-bottom: 0px !important;padding-top: 20px !important;padding-bottom: 20px !important;background-color: #fdc900 !important;}&#8221;][vc_column width=&#8221;1\/6&#8243;][\/vc_column][vc_column width=&#8221;2\/3&#8243;][vc_column_text]<\/p>\n<h3 style=\"text-align: center;\">Seit \u00fcber 25 Jahren stehen wir im &#8220;Dienst des Kunden&#8221; und freuen uns \u00fcber das entgegengebrachte Vertrauen.<\/h3>\n<p>[\/vc_column_text][\/vc_column][vc_column width=&#8221;1\/6&#8243;][\/vc_column][\/vc_row][vc_row type=&#8221;full_page_width_inner_container&#8221; padding_top=&#8221;&#8221; padding_bottom=&#8221;&#8221; css=&#8221;.vc_custom_1451775961000{padding-top: 40px !important;padding-bottom: 20px !important;background-image: url(http:\/\/factory.commercegurus.com\/wp-content\/uploads\/2015\/10\/building_roof_bg.jpg?id=70835) !important;background-position: center !important;background-repeat: no-repeat !important;background-size: cover !important;}&#8221;][vc_column css=&#8221;.vc_custom_1445098522820{margin-bottom: 35px !important;}&#8221;][vc_row_inner css=&#8221;.vc_custom_1451761217059{margin-bottom: -5px !important;}&#8221;][vc_column_inner css=&#8221;.vc_custom_1451761129434{margin-bottom: 0px !important;}&#8221;][vc_column_text]<\/p>\n<h3 style=\"text-align: center;\"><span style=\"color: #ffffff;\">Board Members<\/span><\/h3>\n<p>[\/vc_column_text][\/vc_column_inner][\/vc_row_inner][\/vc_column][\/vc_row]<\/p>\n<\/section>","protected":false},"excerpt":{"rendered":"<p>[vc_row type=&#8221;container&#8221; padding_top=&#8221;&#8221; padding_bottom=&#8221;&#8221; css=&#8221;.vc_custom_1451761032806{padding-top: 50px !important;}&#8221;][vc_column width=&#8221;2\/3&#8243; css=&#8221;.vc_custom_1449147431196{margin-bottom: 35px !important;}&#8221;][vc_column_text css=&#8221;.vc_custom_1516962927748{padding-right: 10px !important;}&#8221;] Wir bieten mehr Denn bei uns arbeiten die Chefs pers\u00f6nlich und haben f\u00fcr Sie die besten Lieferanten ausgew\u00e4hlt, damit wir Ihnen das &#8220;MEHR&#8221; im Bereich der Schlie\u00df- bzw. Sicherheitstechnik bieten k\u00f6nnen. Seit \u00fcber 25 Jahren stehen wir im sprichw\u00f6rtlichen &#8220;Dienst des [&hellip;]<\/p>\n","protected":false},"author":1,"featured_media":70780,"parent":0,"menu_order":0,"comment_status":"closed","ping_status":"closed","template":"page-full-width.php","meta":{"_acf_changed":false,"footnotes":""},"class_list":["post-70990","page","type-page","status-publish","has-post-thumbnail","hentry"],"acf":[],"yoast_head":"<!-- This site is optimized with the Yoast SEO plugin v27.4 - https:\/\/yoast.com\/product\/yoast-seo-wordpress\/ -->\n<title>\u00dcber uns - Schlo\u00df- und Sicherheitstechnik Wanzel Erwin e.K.<\/title>\n<meta name=\"description\" content=\"We work on the cusp of innovation and technology to take products from an idea all the way to the end consumer.\" \/>\n<meta name=\"robots\" content=\"index, follow, max-snippet:-1, max-image-preview:large, max-video-preview:-1\" \/>\n<link rel=\"canonical\" href=\"http:\/\/sst-augsburg.de\/cms\/ueberuns\/\" \/>\n<meta property=\"og:locale\" content=\"de_DE\" \/>\n<meta property=\"og:type\" content=\"article\" \/>\n<meta property=\"og:title\" content=\"\u00dcber uns - Schlo\u00df- und Sicherheitstechnik Wanzel Erwin e.K.\" \/>\n<meta property=\"og:description\" content=\"We work on the cusp of innovation and technology to take products from an idea all the way to the end consumer.\" \/>\n<meta property=\"og:url\" content=\"http:\/\/sst-augsburg.de\/cms\/ueberuns\/\" \/>\n<meta property=\"og:site_name\" content=\"Schlo\u00df- und Sicherheitstechnik Wanzel Erwin e.K.\" \/>\n<meta property=\"article:modified_time\" content=\"2022-10-13T17:16:10+00:00\" \/>\n<meta name=\"twitter:card\" content=\"summary_large_image\" \/>\n<meta name=\"twitter:label1\" content=\"Gesch\u00e4tzte Lesezeit\" \/>\n\t<meta name=\"twitter:data1\" content=\"1\u00a0Minute\" \/>\n<script type=\"application\/ld+json\" class=\"yoast-schema-graph\">{\"@context\":\"https:\\\/\\\/schema.org\",\"@graph\":[{\"@type\":\"WebPage\",\"@id\":\"http:\\\/\\\/sst-augsburg.de\\\/cms\\\/ueberuns\\\/\",\"url\":\"http:\\\/\\\/sst-augsburg.de\\\/cms\\\/ueberuns\\\/\",\"name\":\"\u00dcber uns - Schlo\u00df- und Sicherheitstechnik Wanzel Erwin e.K.\",\"isPartOf\":{\"@id\":\"https:\\\/\\\/sst-augsburg.de\\\/cms\\\/#website\"},\"primaryImageOfPage\":{\"@id\":\"http:\\\/\\\/sst-augsburg.de\\\/cms\\\/ueberuns\\\/#primaryimage\"},\"image\":{\"@id\":\"http:\\\/\\\/sst-augsburg.de\\\/cms\\\/ueberuns\\\/#primaryimage\"},\"thumbnailUrl\":\"\",\"datePublished\":\"2015-10-07T17:11:55+00:00\",\"dateModified\":\"2022-10-13T17:16:10+00:00\",\"description\":\"We work on the cusp of innovation and technology to take products from an idea all the way to the end consumer.\",\"breadcrumb\":{\"@id\":\"http:\\\/\\\/sst-augsburg.de\\\/cms\\\/ueberuns\\\/#breadcrumb\"},\"inLanguage\":\"de\",\"potentialAction\":[{\"@type\":\"ReadAction\",\"target\":[\"http:\\\/\\\/sst-augsburg.de\\\/cms\\\/ueberuns\\\/\"]}]},{\"@type\":\"ImageObject\",\"inLanguage\":\"de\",\"@id\":\"http:\\\/\\\/sst-augsburg.de\\\/cms\\\/ueberuns\\\/#primaryimage\",\"url\":\"\",\"contentUrl\":\"\"},{\"@type\":\"BreadcrumbList\",\"@id\":\"http:\\\/\\\/sst-augsburg.de\\\/cms\\\/ueberuns\\\/#breadcrumb\",\"itemListElement\":[{\"@type\":\"ListItem\",\"position\":1,\"name\":\"Startseite\",\"item\":\"https:\\\/\\\/sst-augsburg.de\\\/cms\\\/\"},{\"@type\":\"ListItem\",\"position\":2,\"name\":\"\u00dcber uns\"}]},{\"@type\":\"WebSite\",\"@id\":\"https:\\\/\\\/sst-augsburg.de\\\/cms\\\/#website\",\"url\":\"https:\\\/\\\/sst-augsburg.de\\\/cms\\\/\",\"name\":\"Schlo\u00df- und Sicherheitstechnik Wanzel Erwin e.K.\",\"description\":\"Schlie\u00dfanlagen, Sicherheitstechnik, Schl\u00fcsseldienst, Schlossereiarbeiten\",\"potentialAction\":[{\"@type\":\"SearchAction\",\"target\":{\"@type\":\"EntryPoint\",\"urlTemplate\":\"https:\\\/\\\/sst-augsburg.de\\\/cms\\\/?s={search_term_string}\"},\"query-input\":{\"@type\":\"PropertyValueSpecification\",\"valueRequired\":true,\"valueName\":\"search_term_string\"}}],\"inLanguage\":\"de\"}]}<\/script>\n<!-- \/ Yoast SEO plugin. -->","yoast_head_json":{"title":"\u00dcber uns - Schlo\u00df- und Sicherheitstechnik Wanzel Erwin e.K.","description":"We work on the cusp of innovation and technology to take products from an idea all the way to the end consumer.","robots":{"index":"index","follow":"follow","max-snippet":"max-snippet:-1","max-image-preview":"max-image-preview:large","max-video-preview":"max-video-preview:-1"},"canonical":"http:\/\/sst-augsburg.de\/cms\/ueberuns\/","og_locale":"de_DE","og_type":"article","og_title":"\u00dcber uns - Schlo\u00df- und Sicherheitstechnik Wanzel Erwin e.K.","og_description":"We work on the cusp of innovation and technology to take products from an idea all the way to the end consumer.","og_url":"http:\/\/sst-augsburg.de\/cms\/ueberuns\/","og_site_name":"Schlo\u00df- und Sicherheitstechnik Wanzel Erwin e.K.","article_modified_time":"2022-10-13T17:16:10+00:00","twitter_card":"summary_large_image","twitter_misc":{"Gesch\u00e4tzte Lesezeit":"1\u00a0Minute"},"schema":{"@context":"https:\/\/schema.org","@graph":[{"@type":"WebPage","@id":"http:\/\/sst-augsburg.de\/cms\/ueberuns\/","url":"http:\/\/sst-augsburg.de\/cms\/ueberuns\/","name":"\u00dcber uns - Schlo\u00df- und Sicherheitstechnik Wanzel Erwin e.K.","isPartOf":{"@id":"https:\/\/sst-augsburg.de\/cms\/#website"},"primaryImageOfPage":{"@id":"http:\/\/sst-augsburg.de\/cms\/ueberuns\/#primaryimage"},"image":{"@id":"http:\/\/sst-augsburg.de\/cms\/ueberuns\/#primaryimage"},"thumbnailUrl":"","datePublished":"2015-10-07T17:11:55+00:00","dateModified":"2022-10-13T17:16:10+00:00","description":"We work on the cusp of innovation and technology to take products from an idea all the way to the end consumer.","breadcrumb":{"@id":"http:\/\/sst-augsburg.de\/cms\/ueberuns\/#breadcrumb"},"inLanguage":"de","potentialAction":[{"@type":"ReadAction","target":["http:\/\/sst-augsburg.de\/cms\/ueberuns\/"]}]},{"@type":"ImageObject","inLanguage":"de","@id":"http:\/\/sst-augsburg.de\/cms\/ueberuns\/#primaryimage","url":"","contentUrl":""},{"@type":"BreadcrumbList","@id":"http:\/\/sst-augsburg.de\/cms\/ueberuns\/#breadcrumb","itemListElement":[{"@type":"ListItem","position":1,"name":"Startseite","item":"https:\/\/sst-augsburg.de\/cms\/"},{"@type":"ListItem","position":2,"name":"\u00dcber uns"}]},{"@type":"WebSite","@id":"https:\/\/sst-augsburg.de\/cms\/#website","url":"https:\/\/sst-augsburg.de\/cms\/","name":"Schlo\u00df- und Sicherheitstechnik Wanzel Erwin e.K.","description":"Schlie\u00dfanlagen, Sicherheitstechnik, Schl\u00fcsseldienst, Schlossereiarbeiten","potentialAction":[{"@type":"SearchAction","target":{"@type":"EntryPoint","urlTemplate":"https:\/\/sst-augsburg.de\/cms\/?s={search_term_string}"},"query-input":{"@type":"PropertyValueSpecification","valueRequired":true,"valueName":"search_term_string"}}],"inLanguage":"de"}]}},"_links":{"self":[{"href":"http:\/\/sst-augsburg.de\/cms\/wp-json\/wp\/v2\/pages\/70990","targetHints":{"allow":["GET"]}}],"collection":[{"href":"http:\/\/sst-augsburg.de\/cms\/wp-json\/wp\/v2\/pages"}],"about":[{"href":"http:\/\/sst-augsburg.de\/cms\/wp-json\/wp\/v2\/types\/page"}],"author":[{"embeddable":true,"href":"http:\/\/sst-augsburg.de\/cms\/wp-json\/wp\/v2\/users\/1"}],"replies":[{"embeddable":true,"href":"http:\/\/sst-augsburg.de\/cms\/wp-json\/wp\/v2\/comments?post=70990"}],"version-history":[{"count":12,"href":"http:\/\/sst-augsburg.de\/cms\/wp-json\/wp\/v2\/pages\/70990\/revisions"}],"predecessor-version":[{"id":71504,"href":"http:\/\/sst-augsburg.de\/cms\/wp-json\/wp\/v2\/pages\/70990\/revisions\/71504"}],"wp:featuredmedia":[{"embeddable":true,"href":"http:\/\/sst-augsburg.de\/cms\/wp-json\/"}],"wp:attachment":[{"href":"http:\/\/sst-augsburg.de\/cms\/wp-json\/wp\/v2\/media?parent=70990"}],"curies":[{"name":"wp","href":"https:\/\/api.w.org\/{rel}","templated":true}]}}