{"id":70989,"date":"2015-10-07T17:11:24","date_gmt":"2015-10-07T17:11:24","guid":{"rendered":"http:\/\/broker.commercegurus.com\/?page_id=67"},"modified":"2022-10-13T16:54:31","modified_gmt":"2022-10-13T16:54:31","slug":"kontakt","status":"publish","type":"page","link":"http:\/\/sst-augsburg.de\/cms\/kontakt\/","title":{"rendered":"Kontakt"},"content":{"rendered":"<section class=\"wpb-content-wrapper\"><p>[vc_row type=&#8221;container&#8221; padding_top=&#8221;&#8221; padding_bottom=&#8221;&#8221; css=&#8221;.vc_custom_1451776271409{margin-top: 50px !important;margin-bottom: 20px !important;}&#8221;][vc_column width=&#8221;1\/3&#8243;][vc_column_text css=&#8221;.vc_custom_1516027992110{margin-bottom: 0px !important;padding-top: 15px !important;padding-right: 20px !important;padding-bottom: 15px !important;padding-left: 20px !important;background-color: #edbd03 !important;}&#8221;]<span style=\"color: #000000;\"> \u00a0 <strong>Kontaktformular<br \/>\n<\/strong><\/span>[\/vc_column_text][vc_column_text css=&#8221;.vc_custom_1516040087961{padding-top: 18px !important;padding-right: 20px !important;padding-bottom: 25px !important;padding-left: 20px !important;background-color: #fdc900 !important;}&#8221;]Falls Sie ein Angebot ben\u00f6tigen, ein anderweitiges Anliegen oder sonstige Fragen haben, kontaktieren Sie uns gerne. \u00dcber neue Projekte freuen wir uns nat\u00fcrlich ebenso.[\/vc_column_text][\/vc_column][vc_column width=&#8221;1\/3&#8243;][vc_column_text css=&#8221;.vc_custom_1475684449843{margin-bottom: 0px !important;padding-top: 15px !important;padding-right: 20px !important;padding-bottom: 15px !important;padding-left: 20px !important;background-color: #edbd03 !important;}&#8221;]<span style=\"color: #000000;\"><strong>E-Mail<br \/>\n<\/strong><\/span>[\/vc_column_text][vc_column_text css=&#8221;.vc_custom_1665680006360{padding-top: 18px !important;padding-right: 20px !important;padding-bottom: 25px !important;padding-left: 20px !important;background-color: #fdc900 !important;}&#8221;]<span style=\"color: #000000;\">Sie haben Fragen zu unseren Sicherheitssystemen, oder h\u00e4tten gerne mehr Informationen zu unserem Unternehmen? Dann schicken Sie uns eine kurze E-Mail:<a href=\"mailto:sicherheit@sst-augsburg.de\"> sicherheit@sst-augsburg.de<\/a><\/span>[\/vc_column_text][\/vc_column][vc_column width=&#8221;1\/3&#8243;][vc_column_text css=&#8221;.vc_custom_1475684627265{margin-bottom: 0px !important;padding-top: 15px !important;padding-right: 20px !important;padding-bottom: 15px !important;padding-left: 20px !important;background-color: #edbd03 !important;}&#8221;]<span style=\"color: #000000;\"><i class=\"ion-ios-chatboxes-outline\" style=\"font-size: 24px; position: relative; bottom: -3px;\"><\/i> \u00a0 <strong>Rufen Sie uns an<br \/>\n<\/strong><\/span>[\/vc_column_text][vc_column_text css=&#8221;.vc_custom_1516960569213{padding-top: 18px !important;padding-right: 20px !important;padding-bottom: 25px !important;padding-left: 20px !important;background-color: #fdc900 !important;}&#8221;]<span style=\"color: #000000;\">Wir sind w\u00e4hrend unserer Gesch\u00e4ftszeiten von 8:00 bis 17:00 Uhr f\u00fcr Sie telefonisch erreichbar. Unser Schl\u00fcssel-Notdienst ist 24 Stunden f\u00fcr Sie da. <strong>Telefon +49<\/strong><\/span><strong><span style=\"color: #000000;\"> (0)821 72 20 20<\/span><\/strong>[\/vc_column_text][\/vc_column][\/vc_row][vc_row type=&#8221;container&#8221; padding_top=&#8221;&#8221; padding_bottom=&#8221;&#8221; css=&#8221;.vc_custom_1448451830391{margin-bottom: 15px !important;}&#8221;][vc_column][vc_separator color=&#8221;#eeeeee&#8221; type=&#8221;normal&#8221; thickness=&#8221;1&#8243; up=&#8221;&#8221; down=&#8221;&#8221; style=&#8221;&#8221; el_width=&#8221;&#8221;][\/vc_column][\/vc_row][vc_row type=&#8221;container&#8221; padding_top=&#8221;&#8221; padding_bottom=&#8221;&#8221; css=&#8221;.vc_custom_1451759375078{margin-bottom: 20px !important;}&#8221;][vc_column width=&#8221;1\/6&#8243;][\/vc_column][vc_column width=&#8221;2\/3&#8243;][vc_column_text]<\/p>\n<h3 style=\"text-align: center;\">Kontakt<\/h3>\n<p style=\"text-align: center;\"><span id=\"result_box\" class=\"\" lang=\"de\"><span class=\"\">Wenn Sie Fragen zu den von uns angebotenen Dienstleistungen haben, verwenden Sie einfach das folgende Formular. <\/span><span class=\"\">Wir versuchen alle Anfragen schnellstens zu beantworten.<\/span><\/span><\/p>\n<p>[\/vc_column_text][\/vc_column][vc_column width=&#8221;1\/6&#8243;][\/vc_column][\/vc_row][vc_row type=&#8221;container&#8221; padding_top=&#8221;&#8221; padding_bottom=&#8221;&#8221; css=&#8221;.vc_custom_1448452133315{margin-bottom: 0px !important;}&#8221;][vc_column css=&#8221;.vc_custom_1445110591475{margin-bottom: 35px !important;padding-right: 25px !important;}&#8221;]\n<div class=\"wpcf7 no-js\" id=\"wpcf7-f70622-o1\" lang=\"en-US\" dir=\"ltr\" data-wpcf7-id=\"70622\">\n<div class=\"screen-reader-response\"><p role=\"status\" aria-live=\"polite\" aria-atomic=\"true\"><\/p> <ul><\/ul><\/div>\n<form action=\"\/cms\/wp-json\/wp\/v2\/pages\/70989#wpcf7-f70622-o1\" method=\"post\" class=\"wpcf7-form init\" aria-label=\"Contact form\" novalidate=\"novalidate\" data-status=\"init\">\n<fieldset class=\"hidden-fields-container\"><input type=\"hidden\" name=\"_wpcf7\" value=\"70622\" \/><input type=\"hidden\" name=\"_wpcf7_version\" value=\"6.1.5\" \/><input type=\"hidden\" name=\"_wpcf7_locale\" value=\"en_US\" \/><input type=\"hidden\" name=\"_wpcf7_unit_tag\" value=\"wpcf7-f70622-o1\" \/><input type=\"hidden\" name=\"_wpcf7_container_post\" value=\"0\" \/><input type=\"hidden\" name=\"_wpcf7_posted_data_hash\" value=\"\" \/>\n<\/fieldset>\n<div class=\"row\">\n\t<div class=\"col-lg-6 col-md-6\">\n\t\t<p>Vor- und Nachname (Pflichtangabe)\n\t\t<\/p>\n\t\t<p><span class=\"wpcf7-form-control-wrap\" data-name=\"your-name\"><input size=\"40\" maxlength=\"400\" class=\"wpcf7-form-control wpcf7-text wpcf7-validates-as-required\" aria-required=\"true\" aria-invalid=\"false\" value=\"\" type=\"text\" name=\"your-name\" \/><\/span>\n\t\t<\/p>\n\t\t<p>Ihre E-Mail-Adresse (Pflichtangabe)\n\t\t<\/p>\n\t\t<p><span class=\"wpcf7-form-control-wrap\" data-name=\"your-email\"><input size=\"40\" maxlength=\"400\" class=\"wpcf7-form-control wpcf7-email wpcf7-validates-as-required wpcf7-text wpcf7-validates-as-email\" aria-required=\"true\" aria-invalid=\"false\" value=\"\" type=\"email\" name=\"your-email\" \/><\/span>\n\t\t<\/p>\n\t\t<p>Ihre Telefonnummer\n\t\t<\/p>\n\t\t<p><span class=\"wpcf7-form-control-wrap\" data-name=\"your-phone\"><input size=\"40\" maxlength=\"400\" class=\"wpcf7-form-control wpcf7-tel wpcf7-text wpcf7-validates-as-tel\" aria-invalid=\"false\" value=\"\" type=\"tel\" name=\"your-phone\" \/><\/span>\n\t\t<\/p>\n\t\t<p>Betreff\n\t\t<\/p>\n\t\t<p><span class=\"wpcf7-form-control-wrap\" data-name=\"Betreff\"><input size=\"40\" maxlength=\"400\" class=\"wpcf7-form-control wpcf7-text\" aria-invalid=\"false\" value=\"\" type=\"text\" name=\"Betreff\" \/><\/span>\n\t\t<\/p>\n\t\t<p>Ihre Nachricht\n\t\t<\/p>\n\t\t<p><span class=\"wpcf7-form-control-wrap\" data-name=\"IhreNachricht\"><textarea cols=\"40\" rows=\"10\" maxlength=\"2000\" class=\"wpcf7-form-control wpcf7-textarea\" aria-invalid=\"false\" name=\"IhreNachricht\"><\/textarea><\/span>\n\t\t<\/p>\n\t<\/div>\n<\/div>\n<p><input class=\"wpcf7-form-control wpcf7-submit has-spinner\" type=\"submit\" value=\"Senden\" \/>\n<\/p>\n<div class=\"col-lg-6 col-md-6\">\n<\/div><div class=\"wpcf7-response-output\" aria-hidden=\"true\"><\/div>\n<\/form>\n<\/div>\n[\/vc_column][\/vc_row]<\/p>\n<\/section>","protected":false},"excerpt":{"rendered":"<p>[vc_row type=&#8221;container&#8221; padding_top=&#8221;&#8221; padding_bottom=&#8221;&#8221; css=&#8221;.vc_custom_1451776271409{margin-top: 50px !important;margin-bottom: 20px !important;}&#8221;][vc_column width=&#8221;1\/3&#8243;][vc_column_text css=&#8221;.vc_custom_1516027992110{margin-bottom: 0px !important;padding-top: 15px !important;padding-right: 20px !important;padding-bottom: 15px !important;padding-left: 20px !important;background-color: #edbd03 !important;}&#8221;] \u00a0 Kontaktformular [\/vc_column_text][vc_column_text css=&#8221;.vc_custom_1516040087961{padding-top: 18px !important;padding-right: 20px !important;padding-bottom: 25px !important;padding-left: 20px !important;background-color: #fdc900 !important;}&#8221;]Falls Sie ein Angebot ben\u00f6tigen, ein anderweitiges Anliegen oder sonstige Fragen haben, kontaktieren Sie uns gerne. \u00dcber neue Projekte [&hellip;]<\/p>\n","protected":false},"author":1,"featured_media":70782,"parent":0,"menu_order":0,"comment_status":"closed","ping_status":"closed","template":"page-full-width.php","meta":{"_acf_changed":false,"footnotes":""},"class_list":["post-70989","page","type-page","status-publish","has-post-thumbnail","hentry"],"acf":[],"yoast_head":"<!-- This site is optimized with the Yoast SEO plugin v27.4 - https:\/\/yoast.com\/product\/yoast-seo-wordpress\/ -->\n<title>Kontakt - Schlo\u00df- und Sicherheitstechnik Wanzel Erwin e.K.<\/title>\n<meta name=\"robots\" content=\"index, follow, max-snippet:-1, max-image-preview:large, max-video-preview:-1\" \/>\n<link rel=\"canonical\" href=\"https:\/\/sst-augsburg.de\/cms\/kontakt\/\" \/>\n<meta property=\"og:locale\" content=\"de_DE\" \/>\n<meta property=\"og:type\" content=\"article\" \/>\n<meta property=\"og:title\" content=\"Kontakt - Schlo\u00df- und Sicherheitstechnik Wanzel Erwin e.K.\" \/>\n<meta property=\"og:description\" content=\"[vc_row type=&#8221;container&#8221; padding_top=&#8221;&#8221; padding_bottom=&#8221;&#8221; css=&#8221;.vc_custom_1451776271409{margin-top: 50px !important;margin-bottom: 20px !important;}&#8221;][vc_column width=&#8221;1\/3&#8243;][vc_column_text css=&#8221;.vc_custom_1516027992110{margin-bottom: 0px !important;padding-top: 15px !important;padding-right: 20px !important;padding-bottom: 15px !important;padding-left: 20px !important;background-color: #edbd03 !important;}&#8221;] \u00a0 Kontaktformular [\/vc_column_text][vc_column_text css=&#8221;.vc_custom_1516040087961{padding-top: 18px !important;padding-right: 20px !important;padding-bottom: 25px !important;padding-left: 20px !important;background-color: #fdc900 !important;}&#8221;]Falls Sie ein Angebot ben\u00f6tigen, ein anderweitiges Anliegen oder sonstige Fragen haben, kontaktieren Sie uns gerne. \u00dcber neue Projekte [&hellip;]\" \/>\n<meta property=\"og:url\" content=\"https:\/\/sst-augsburg.de\/cms\/kontakt\/\" \/>\n<meta property=\"og:site_name\" content=\"Schlo\u00df- und Sicherheitstechnik Wanzel Erwin e.K.\" \/>\n<meta property=\"article:modified_time\" content=\"2022-10-13T16:54:31+00:00\" \/>\n<meta name=\"twitter:card\" content=\"summary_large_image\" \/>\n<meta name=\"twitter:label1\" content=\"Gesch\u00e4tzte Lesezeit\" \/>\n\t<meta name=\"twitter:data1\" content=\"2\u00a0Minuten\" \/>\n<script type=\"application\/ld+json\" class=\"yoast-schema-graph\">{\"@context\":\"https:\\\/\\\/schema.org\",\"@graph\":[{\"@type\":\"WebPage\",\"@id\":\"https:\\\/\\\/sst-augsburg.de\\\/cms\\\/kontakt\\\/\",\"url\":\"https:\\\/\\\/sst-augsburg.de\\\/cms\\\/kontakt\\\/\",\"name\":\"Kontakt - Schlo\u00df- und Sicherheitstechnik Wanzel Erwin e.K.\",\"isPartOf\":{\"@id\":\"https:\\\/\\\/sst-augsburg.de\\\/cms\\\/#website\"},\"primaryImageOfPage\":{\"@id\":\"https:\\\/\\\/sst-augsburg.de\\\/cms\\\/kontakt\\\/#primaryimage\"},\"image\":{\"@id\":\"https:\\\/\\\/sst-augsburg.de\\\/cms\\\/kontakt\\\/#primaryimage\"},\"thumbnailUrl\":\"\",\"datePublished\":\"2015-10-07T17:11:24+00:00\",\"dateModified\":\"2022-10-13T16:54:31+00:00\",\"breadcrumb\":{\"@id\":\"https:\\\/\\\/sst-augsburg.de\\\/cms\\\/kontakt\\\/#breadcrumb\"},\"inLanguage\":\"de\",\"potentialAction\":[{\"@type\":\"ReadAction\",\"target\":[\"https:\\\/\\\/sst-augsburg.de\\\/cms\\\/kontakt\\\/\"]}]},{\"@type\":\"ImageObject\",\"inLanguage\":\"de\",\"@id\":\"https:\\\/\\\/sst-augsburg.de\\\/cms\\\/kontakt\\\/#primaryimage\",\"url\":\"\",\"contentUrl\":\"\"},{\"@type\":\"BreadcrumbList\",\"@id\":\"https:\\\/\\\/sst-augsburg.de\\\/cms\\\/kontakt\\\/#breadcrumb\",\"itemListElement\":[{\"@type\":\"ListItem\",\"position\":1,\"name\":\"Startseite\",\"item\":\"https:\\\/\\\/sst-augsburg.de\\\/cms\\\/\"},{\"@type\":\"ListItem\",\"position\":2,\"name\":\"Kontakt\"}]},{\"@type\":\"WebSite\",\"@id\":\"https:\\\/\\\/sst-augsburg.de\\\/cms\\\/#website\",\"url\":\"https:\\\/\\\/sst-augsburg.de\\\/cms\\\/\",\"name\":\"Schlo\u00df- und Sicherheitstechnik Wanzel Erwin e.K.\",\"description\":\"Schlie\u00dfanlagen, Sicherheitstechnik, Schl\u00fcsseldienst, Schlossereiarbeiten\",\"potentialAction\":[{\"@type\":\"SearchAction\",\"target\":{\"@type\":\"EntryPoint\",\"urlTemplate\":\"https:\\\/\\\/sst-augsburg.de\\\/cms\\\/?s={search_term_string}\"},\"query-input\":{\"@type\":\"PropertyValueSpecification\",\"valueRequired\":true,\"valueName\":\"search_term_string\"}}],\"inLanguage\":\"de\"}]}<\/script>\n<!-- \/ Yoast SEO plugin. -->","yoast_head_json":{"title":"Kontakt - Schlo\u00df- und Sicherheitstechnik Wanzel Erwin e.K.","robots":{"index":"index","follow":"follow","max-snippet":"max-snippet:-1","max-image-preview":"max-image-preview:large","max-video-preview":"max-video-preview:-1"},"canonical":"https:\/\/sst-augsburg.de\/cms\/kontakt\/","og_locale":"de_DE","og_type":"article","og_title":"Kontakt - Schlo\u00df- und Sicherheitstechnik Wanzel Erwin e.K.","og_description":"[vc_row type=&#8221;container&#8221; padding_top=&#8221;&#8221; padding_bottom=&#8221;&#8221; css=&#8221;.vc_custom_1451776271409{margin-top: 50px !important;margin-bottom: 20px !important;}&#8221;][vc_column width=&#8221;1\/3&#8243;][vc_column_text css=&#8221;.vc_custom_1516027992110{margin-bottom: 0px !important;padding-top: 15px !important;padding-right: 20px !important;padding-bottom: 15px !important;padding-left: 20px !important;background-color: #edbd03 !important;}&#8221;] \u00a0 Kontaktformular [\/vc_column_text][vc_column_text css=&#8221;.vc_custom_1516040087961{padding-top: 18px !important;padding-right: 20px !important;padding-bottom: 25px !important;padding-left: 20px !important;background-color: #fdc900 !important;}&#8221;]Falls Sie ein Angebot ben\u00f6tigen, ein anderweitiges Anliegen oder sonstige Fragen haben, kontaktieren Sie uns gerne. \u00dcber neue Projekte [&hellip;]","og_url":"https:\/\/sst-augsburg.de\/cms\/kontakt\/","og_site_name":"Schlo\u00df- und Sicherheitstechnik Wanzel Erwin e.K.","article_modified_time":"2022-10-13T16:54:31+00:00","twitter_card":"summary_large_image","twitter_misc":{"Gesch\u00e4tzte Lesezeit":"2\u00a0Minuten"},"schema":{"@context":"https:\/\/schema.org","@graph":[{"@type":"WebPage","@id":"https:\/\/sst-augsburg.de\/cms\/kontakt\/","url":"https:\/\/sst-augsburg.de\/cms\/kontakt\/","name":"Kontakt - Schlo\u00df- und Sicherheitstechnik Wanzel Erwin e.K.","isPartOf":{"@id":"https:\/\/sst-augsburg.de\/cms\/#website"},"primaryImageOfPage":{"@id":"https:\/\/sst-augsburg.de\/cms\/kontakt\/#primaryimage"},"image":{"@id":"https:\/\/sst-augsburg.de\/cms\/kontakt\/#primaryimage"},"thumbnailUrl":"","datePublished":"2015-10-07T17:11:24+00:00","dateModified":"2022-10-13T16:54:31+00:00","breadcrumb":{"@id":"https:\/\/sst-augsburg.de\/cms\/kontakt\/#breadcrumb"},"inLanguage":"de","potentialAction":[{"@type":"ReadAction","target":["https:\/\/sst-augsburg.de\/cms\/kontakt\/"]}]},{"@type":"ImageObject","inLanguage":"de","@id":"https:\/\/sst-augsburg.de\/cms\/kontakt\/#primaryimage","url":"","contentUrl":""},{"@type":"BreadcrumbList","@id":"https:\/\/sst-augsburg.de\/cms\/kontakt\/#breadcrumb","itemListElement":[{"@type":"ListItem","position":1,"name":"Startseite","item":"https:\/\/sst-augsburg.de\/cms\/"},{"@type":"ListItem","position":2,"name":"Kontakt"}]},{"@type":"WebSite","@id":"https:\/\/sst-augsburg.de\/cms\/#website","url":"https:\/\/sst-augsburg.de\/cms\/","name":"Schlo\u00df- und Sicherheitstechnik Wanzel Erwin e.K.","description":"Schlie\u00dfanlagen, Sicherheitstechnik, Schl\u00fcsseldienst, Schlossereiarbeiten","potentialAction":[{"@type":"SearchAction","target":{"@type":"EntryPoint","urlTemplate":"https:\/\/sst-augsburg.de\/cms\/?s={search_term_string}"},"query-input":{"@type":"PropertyValueSpecification","valueRequired":true,"valueName":"search_term_string"}}],"inLanguage":"de"}]}},"_links":{"self":[{"href":"http:\/\/sst-augsburg.de\/cms\/wp-json\/wp\/v2\/pages\/70989","targetHints":{"allow":["GET"]}}],"collection":[{"href":"http:\/\/sst-augsburg.de\/cms\/wp-json\/wp\/v2\/pages"}],"about":[{"href":"http:\/\/sst-augsburg.de\/cms\/wp-json\/wp\/v2\/types\/page"}],"author":[{"embeddable":true,"href":"http:\/\/sst-augsburg.de\/cms\/wp-json\/wp\/v2\/users\/1"}],"replies":[{"embeddable":true,"href":"http:\/\/sst-augsburg.de\/cms\/wp-json\/wp\/v2\/comments?post=70989"}],"version-history":[{"count":11,"href":"http:\/\/sst-augsburg.de\/cms\/wp-json\/wp\/v2\/pages\/70989\/revisions"}],"predecessor-version":[{"id":71608,"href":"http:\/\/sst-augsburg.de\/cms\/wp-json\/wp\/v2\/pages\/70989\/revisions\/71608"}],"wp:featuredmedia":[{"embeddable":true,"href":"http:\/\/sst-augsburg.de\/cms\/wp-json\/"}],"wp:attachment":[{"href":"http:\/\/sst-augsburg.de\/cms\/wp-json\/wp\/v2\/media?parent=70989"}],"curies":[{"name":"wp","href":"https:\/\/api.w.org\/{rel}","templated":true}]}}