{"id":70766,"date":"2015-11-26T14:00:53","date_gmt":"2015-11-26T14:00:53","guid":{"rendered":"http:\/\/factory.commercegurus.com\/?page_id=70766"},"modified":"2018-01-26T13:07:21","modified_gmt":"2018-01-26T13:07:21","slug":"downloads","status":"publish","type":"page","link":"http:\/\/sst-augsburg.de\/cms\/downloads\/","title":{"rendered":"Downloads"},"content":{"rendered":"<section class=\"wpb-content-wrapper\"><p>[vc_row type=&#8221;container&#8221; padding_top=&#8221;&#8221; padding_bottom=&#8221;&#8221; css=&#8221;.vc_custom_1451769709272{margin-bottom: 20px !important;padding-top: 30px !important;}&#8221;][vc_column][vc_column_text][\/vc_column_text][vc_column_text]<\/p>\n<p style=\"text-align: center;\">Hier stellen wir Ihnen Informationsmaterial zum download zur Verf\u00fcgung.<br \/>\nSie ben\u00f6tigen den Adobe Acrobat Reader um die Formulare zu \u00f6ffnen. Hier geht es zum Adobe Acrobar Reader:\u00a0 <a href=\"https:\/\/get.adobe.com\/de\/reader\/\">https:\/\/get.adobe.com\/de\/reader\/<\/a><\/p>\n<p>[\/vc_column_text][\/vc_column][\/vc_row][vc_row type=&#8221;container&#8221; padding_top=&#8221;&#8221; padding_bottom=&#8221;&#8221; css=&#8221;.vc_custom_1448554138292{margin-bottom: 0px !important;}&#8221;][vc_column el_class=&#8221;download&#8221; css=&#8221;.vc_custom_1448899402866{margin-bottom: 35px !important;}&#8221;][vc_raw_html]JTNDaSUyMGNsYXNzJTNEJTIyaW9uLWlvcy1jb3B5LW91dGxpbmUlMjIlM0UlM0MlMkZpJTNF[\/vc_raw_html][vc_column_text css=&#8221;.vc_custom_1516018527334{margin-bottom: 10px !important;}&#8221;]<\/p>\n<h4>KFW Investitionszuschuss Antrag<\/h4>\n<p><a href=\"http:\/\/sst-augsburg.de\/cms\/wp-content\/uploads\/2015\/11\/KFW-F\u00f6rderungsantrag.pdf\">KFW-F\u00f6rderungsantrag.pdf<\/a>[\/vc_column_text][\/vc_column][\/vc_row]<\/p>\n<\/section>","protected":false},"excerpt":{"rendered":"<p>[vc_row type=&#8221;container&#8221; padding_top=&#8221;&#8221; padding_bottom=&#8221;&#8221; css=&#8221;.vc_custom_1451769709272{margin-bottom: 20px !important;padding-top: 30px !important;}&#8221;][vc_column][vc_column_text][\/vc_column_text][vc_column_text] Hier stellen wir Ihnen Informationsmaterial zum download zur Verf\u00fcgung. Sie ben\u00f6tigen den Adobe Acrobat Reader um die Formulare zu \u00f6ffnen. Hier geht es zum Adobe Acrobar Reader:\u00a0 https:\/\/get.adobe.com\/de\/reader\/ [\/vc_column_text][\/vc_column][\/vc_row][vc_row type=&#8221;container&#8221; padding_top=&#8221;&#8221; padding_bottom=&#8221;&#8221; css=&#8221;.vc_custom_1448554138292{margin-bottom: 0px !important;}&#8221;][vc_column el_class=&#8221;download&#8221; css=&#8221;.vc_custom_1448899402866{margin-bottom: 35px !important;}&#8221;][vc_raw_html]JTNDaSUyMGNsYXNzJTNEJTIyaW9uLWlvcy1jb3B5LW91dGxpbmUlMjIlM0UlM0MlMkZpJTNF[\/vc_raw_html][vc_column_text css=&#8221;.vc_custom_1516018527334{margin-bottom: 10px !important;}&#8221;] KFW Investitionszuschuss Antrag KFW-F\u00f6rderungsantrag.pdf[\/vc_column_text][\/vc_column][\/vc_row]<\/p>\n","protected":false},"author":1,"featured_media":70786,"parent":0,"menu_order":0,"comment_status":"closed","ping_status":"closed","template":"page-full-width.php","meta":{"_acf_changed":false,"footnotes":""},"class_list":["post-70766","page","type-page","status-publish","has-post-thumbnail","hentry"],"acf":[],"yoast_head":"<!-- This site is optimized with the Yoast SEO plugin v27.4 - https:\/\/yoast.com\/product\/yoast-seo-wordpress\/ -->\n<title>Downloads - Schlo\u00df- und Sicherheitstechnik Wanzel Erwin e.K.<\/title>\n<meta name=\"robots\" content=\"index, follow, max-snippet:-1, max-image-preview:large, max-video-preview:-1\" \/>\n<link rel=\"canonical\" href=\"https:\/\/sst-augsburg.de\/cms\/downloads\/\" \/>\n<meta property=\"og:locale\" content=\"de_DE\" \/>\n<meta property=\"og:type\" content=\"article\" \/>\n<meta property=\"og:title\" content=\"Downloads - Schlo\u00df- und Sicherheitstechnik Wanzel Erwin e.K.\" \/>\n<meta property=\"og:description\" content=\"[vc_row type=&#8221;container&#8221; padding_top=&#8221;&#8221; padding_bottom=&#8221;&#8221; css=&#8221;.vc_custom_1451769709272{margin-bottom: 20px !important;padding-top: 30px !important;}&#8221;][vc_column][vc_column_text][\/vc_column_text][vc_column_text] Hier stellen wir Ihnen Informationsmaterial zum download zur Verf\u00fcgung. Sie ben\u00f6tigen den Adobe Acrobat Reader um die Formulare zu \u00f6ffnen. Hier geht es zum Adobe Acrobar Reader:\u00a0 https:\/\/get.adobe.com\/de\/reader\/ [\/vc_column_text][\/vc_column][\/vc_row][vc_row type=&#8221;container&#8221; padding_top=&#8221;&#8221; padding_bottom=&#8221;&#8221; css=&#8221;.vc_custom_1448554138292{margin-bottom: 0px !important;}&#8221;][vc_column el_class=&#8221;download&#8221; css=&#8221;.vc_custom_1448899402866{margin-bottom: 35px !important;}&#8221;][vc_raw_html]JTNDaSUyMGNsYXNzJTNEJTIyaW9uLWlvcy1jb3B5LW91dGxpbmUlMjIlM0UlM0MlMkZpJTNF[\/vc_raw_html][vc_column_text css=&#8221;.vc_custom_1516018527334{margin-bottom: 10px !important;}&#8221;] KFW Investitionszuschuss Antrag KFW-F\u00f6rderungsantrag.pdf[\/vc_column_text][\/vc_column][\/vc_row]\" \/>\n<meta property=\"og:url\" content=\"https:\/\/sst-augsburg.de\/cms\/downloads\/\" \/>\n<meta property=\"og:site_name\" content=\"Schlo\u00df- und Sicherheitstechnik Wanzel Erwin e.K.\" \/>\n<meta property=\"article:modified_time\" content=\"2018-01-26T13:07:21+00:00\" \/>\n<meta name=\"twitter:card\" content=\"summary_large_image\" \/>\n<meta name=\"twitter:label1\" content=\"Gesch\u00e4tzte Lesezeit\" \/>\n\t<meta name=\"twitter:data1\" content=\"1\u00a0Minute\" \/>\n<script type=\"application\/ld+json\" class=\"yoast-schema-graph\">{\"@context\":\"https:\\\/\\\/schema.org\",\"@graph\":[{\"@type\":\"WebPage\",\"@id\":\"https:\\\/\\\/sst-augsburg.de\\\/cms\\\/downloads\\\/\",\"url\":\"https:\\\/\\\/sst-augsburg.de\\\/cms\\\/downloads\\\/\",\"name\":\"Downloads - Schlo\u00df- und Sicherheitstechnik Wanzel Erwin e.K.\",\"isPartOf\":{\"@id\":\"https:\\\/\\\/sst-augsburg.de\\\/cms\\\/#website\"},\"primaryImageOfPage\":{\"@id\":\"https:\\\/\\\/sst-augsburg.de\\\/cms\\\/downloads\\\/#primaryimage\"},\"image\":{\"@id\":\"https:\\\/\\\/sst-augsburg.de\\\/cms\\\/downloads\\\/#primaryimage\"},\"thumbnailUrl\":\"\",\"datePublished\":\"2015-11-26T14:00:53+00:00\",\"dateModified\":\"2018-01-26T13:07:21+00:00\",\"breadcrumb\":{\"@id\":\"https:\\\/\\\/sst-augsburg.de\\\/cms\\\/downloads\\\/#breadcrumb\"},\"inLanguage\":\"de\",\"potentialAction\":[{\"@type\":\"ReadAction\",\"target\":[\"https:\\\/\\\/sst-augsburg.de\\\/cms\\\/downloads\\\/\"]}]},{\"@type\":\"ImageObject\",\"inLanguage\":\"de\",\"@id\":\"https:\\\/\\\/sst-augsburg.de\\\/cms\\\/downloads\\\/#primaryimage\",\"url\":\"\",\"contentUrl\":\"\"},{\"@type\":\"BreadcrumbList\",\"@id\":\"https:\\\/\\\/sst-augsburg.de\\\/cms\\\/downloads\\\/#breadcrumb\",\"itemListElement\":[{\"@type\":\"ListItem\",\"position\":1,\"name\":\"Startseite\",\"item\":\"https:\\\/\\\/sst-augsburg.de\\\/cms\\\/\"},{\"@type\":\"ListItem\",\"position\":2,\"name\":\"Downloads\"}]},{\"@type\":\"WebSite\",\"@id\":\"https:\\\/\\\/sst-augsburg.de\\\/cms\\\/#website\",\"url\":\"https:\\\/\\\/sst-augsburg.de\\\/cms\\\/\",\"name\":\"Schlo\u00df- und Sicherheitstechnik Wanzel Erwin e.K.\",\"description\":\"Schlie\u00dfanlagen, Sicherheitstechnik, Schl\u00fcsseldienst, Schlossereiarbeiten\",\"potentialAction\":[{\"@type\":\"SearchAction\",\"target\":{\"@type\":\"EntryPoint\",\"urlTemplate\":\"https:\\\/\\\/sst-augsburg.de\\\/cms\\\/?s={search_term_string}\"},\"query-input\":{\"@type\":\"PropertyValueSpecification\",\"valueRequired\":true,\"valueName\":\"search_term_string\"}}],\"inLanguage\":\"de\"}]}<\/script>\n<!-- \/ Yoast SEO plugin. -->","yoast_head_json":{"title":"Downloads - Schlo\u00df- und Sicherheitstechnik Wanzel Erwin e.K.","robots":{"index":"index","follow":"follow","max-snippet":"max-snippet:-1","max-image-preview":"max-image-preview:large","max-video-preview":"max-video-preview:-1"},"canonical":"https:\/\/sst-augsburg.de\/cms\/downloads\/","og_locale":"de_DE","og_type":"article","og_title":"Downloads - Schlo\u00df- und Sicherheitstechnik Wanzel Erwin e.K.","og_description":"[vc_row type=&#8221;container&#8221; padding_top=&#8221;&#8221; padding_bottom=&#8221;&#8221; css=&#8221;.vc_custom_1451769709272{margin-bottom: 20px !important;padding-top: 30px !important;}&#8221;][vc_column][vc_column_text][\/vc_column_text][vc_column_text] Hier stellen wir Ihnen Informationsmaterial zum download zur Verf\u00fcgung. Sie ben\u00f6tigen den Adobe Acrobat Reader um die Formulare zu \u00f6ffnen. Hier geht es zum Adobe Acrobar Reader:\u00a0 https:\/\/get.adobe.com\/de\/reader\/ [\/vc_column_text][\/vc_column][\/vc_row][vc_row type=&#8221;container&#8221; padding_top=&#8221;&#8221; padding_bottom=&#8221;&#8221; css=&#8221;.vc_custom_1448554138292{margin-bottom: 0px !important;}&#8221;][vc_column el_class=&#8221;download&#8221; css=&#8221;.vc_custom_1448899402866{margin-bottom: 35px !important;}&#8221;][vc_raw_html]JTNDaSUyMGNsYXNzJTNEJTIyaW9uLWlvcy1jb3B5LW91dGxpbmUlMjIlM0UlM0MlMkZpJTNF[\/vc_raw_html][vc_column_text css=&#8221;.vc_custom_1516018527334{margin-bottom: 10px !important;}&#8221;] KFW Investitionszuschuss Antrag KFW-F\u00f6rderungsantrag.pdf[\/vc_column_text][\/vc_column][\/vc_row]","og_url":"https:\/\/sst-augsburg.de\/cms\/downloads\/","og_site_name":"Schlo\u00df- und Sicherheitstechnik Wanzel Erwin e.K.","article_modified_time":"2018-01-26T13:07:21+00:00","twitter_card":"summary_large_image","twitter_misc":{"Gesch\u00e4tzte Lesezeit":"1\u00a0Minute"},"schema":{"@context":"https:\/\/schema.org","@graph":[{"@type":"WebPage","@id":"https:\/\/sst-augsburg.de\/cms\/downloads\/","url":"https:\/\/sst-augsburg.de\/cms\/downloads\/","name":"Downloads - Schlo\u00df- und Sicherheitstechnik Wanzel Erwin e.K.","isPartOf":{"@id":"https:\/\/sst-augsburg.de\/cms\/#website"},"primaryImageOfPage":{"@id":"https:\/\/sst-augsburg.de\/cms\/downloads\/#primaryimage"},"image":{"@id":"https:\/\/sst-augsburg.de\/cms\/downloads\/#primaryimage"},"thumbnailUrl":"","datePublished":"2015-11-26T14:00:53+00:00","dateModified":"2018-01-26T13:07:21+00:00","breadcrumb":{"@id":"https:\/\/sst-augsburg.de\/cms\/downloads\/#breadcrumb"},"inLanguage":"de","potentialAction":[{"@type":"ReadAction","target":["https:\/\/sst-augsburg.de\/cms\/downloads\/"]}]},{"@type":"ImageObject","inLanguage":"de","@id":"https:\/\/sst-augsburg.de\/cms\/downloads\/#primaryimage","url":"","contentUrl":""},{"@type":"BreadcrumbList","@id":"https:\/\/sst-augsburg.de\/cms\/downloads\/#breadcrumb","itemListElement":[{"@type":"ListItem","position":1,"name":"Startseite","item":"https:\/\/sst-augsburg.de\/cms\/"},{"@type":"ListItem","position":2,"name":"Downloads"}]},{"@type":"WebSite","@id":"https:\/\/sst-augsburg.de\/cms\/#website","url":"https:\/\/sst-augsburg.de\/cms\/","name":"Schlo\u00df- und Sicherheitstechnik Wanzel Erwin e.K.","description":"Schlie\u00dfanlagen, Sicherheitstechnik, Schl\u00fcsseldienst, Schlossereiarbeiten","potentialAction":[{"@type":"SearchAction","target":{"@type":"EntryPoint","urlTemplate":"https:\/\/sst-augsburg.de\/cms\/?s={search_term_string}"},"query-input":{"@type":"PropertyValueSpecification","valueRequired":true,"valueName":"search_term_string"}}],"inLanguage":"de"}]}},"_links":{"self":[{"href":"http:\/\/sst-augsburg.de\/cms\/wp-json\/wp\/v2\/pages\/70766","targetHints":{"allow":["GET"]}}],"collection":[{"href":"http:\/\/sst-augsburg.de\/cms\/wp-json\/wp\/v2\/pages"}],"about":[{"href":"http:\/\/sst-augsburg.de\/cms\/wp-json\/wp\/v2\/types\/page"}],"author":[{"embeddable":true,"href":"http:\/\/sst-augsburg.de\/cms\/wp-json\/wp\/v2\/users\/1"}],"replies":[{"embeddable":true,"href":"http:\/\/sst-augsburg.de\/cms\/wp-json\/wp\/v2\/comments?post=70766"}],"version-history":[{"count":6,"href":"http:\/\/sst-augsburg.de\/cms\/wp-json\/wp\/v2\/pages\/70766\/revisions"}],"predecessor-version":[{"id":71400,"href":"http:\/\/sst-augsburg.de\/cms\/wp-json\/wp\/v2\/pages\/70766\/revisions\/71400"}],"wp:featuredmedia":[{"embeddable":true,"href":"http:\/\/sst-augsburg.de\/cms\/wp-json\/"}],"wp:attachment":[{"href":"http:\/\/sst-augsburg.de\/cms\/wp-json\/wp\/v2\/media?parent=70766"}],"curies":[{"name":"wp","href":"https:\/\/api.w.org\/{rel}","templated":true}]}}