{"id":70470,"date":"2015-10-06T12:21:51","date_gmt":"2015-10-06T12:21:51","guid":{"rendered":"http:\/\/broker.commercegurus.com\/?page_id=5"},"modified":"2023-03-16T09:40:14","modified_gmt":"2023-03-16T09:40:14","slug":"start","status":"publish","type":"page","link":"http:\/\/sst-augsburg.de\/cms\/","title":{"rendered":"Home"},"content":{"rendered":"<section class=\"wpb-content-wrapper\"><p>[vc_row type=&#8221;full_page_width&#8221; padding_top=&#8221;&#8221; padding_bottom=&#8221;&#8221; css=&#8221;.vc_custom_1451747024312{margin-bottom: 12px !important;}&#8221;][vc_column css=&#8221;.vc_custom_1451675335363{margin-bottom: -35px !important;padding-right: 0px !important;padding-left: 0px !important;}&#8221;][layerslider_vc id=&#8221;1&#8243;][\/vc_column][\/vc_row][vc_row type=&#8221;container&#8221; padding_top=&#8221;&#8221; padding_bottom=&#8221;&#8221; css=&#8221;.vc_custom_1516971819653{margin-bottom: 12px !important;}&#8221;][vc_column][vc_column_text]<\/p>\n<h3 style=\"text-align: center;\"><strong>Sicherheit ist eine Sache des Vertrauens. Deshalb bieten wir Ihnen umfassende und perfekte L\u00f6sungen zur Absicherung Ihres Wohneigentums oder Gesch\u00e4ftes<\/strong>.<\/h3>\n<p>[\/vc_column_text][\/vc_column][\/vc_row][vc_row type=&#8221;container&#8221; padding_top=&#8221;&#8221; padding_bottom=&#8221;&#8221; css=&#8221;.vc_custom_1447263760697{margin-bottom: 0px !important;padding-top: 50px !important;}&#8221;][vc_column width=&#8221;1\/4&#8243; css=&#8221;.vc_custom_1451766709466{margin-bottom: 35px !important;}&#8221;][vc_single_image image=&#8221;71063&#8243; img_size=&#8221;large&#8221; onclick=&#8221;custom_link&#8221; css_animation=&#8221;bottom-to-top&#8221; css=&#8221;.vc_custom_1516100784775{border-bottom-width: 0px !important;}&#8221;][vc_column_text css=&#8221;.vc_custom_1605013183188{margin-top: -15px !important;margin-bottom: 20px !important;padding-right: 5px !important;}&#8221;]<\/p>\n<h4><a href=\"http:\/\/sst-augsburg.de\/cms\/?page_id=147\">Schlie\u00dfanlagen<\/a><\/h4>\n<h6>Mechanische und elektronische Schlie\u00dfsysteme sorgen f\u00fcr Sicherheit.<\/h6>\n<p><a class=\"more-link\" href=\"http:\/\/sst-augsburg.de\/cms\/service-2\/schliessanlagen\/\">Mehr &#8230;<\/a>[\/vc_column_text][\/vc_column][vc_column width=&#8221;1\/4&#8243; css=&#8221;.vc_custom_1451766722338{margin-bottom: 35px !important;}&#8221;][vc_single_image image=&#8221;71446&#8243; img_size=&#8221;full&#8221; onclick=&#8221;custom_link&#8221; css_animation=&#8221;bottom-to-top&#8221; css=&#8221;.vc_custom_1520610182524{border-bottom-width: 0px !important;}&#8221;][vc_column_text css=&#8221;.vc_custom_1605013241229{margin-top: -15px !important;margin-bottom: 20px !important;padding-right: 5px !important;}&#8221;]<\/p>\n<h4><a href=\"http:\/\/sst-augsburg.de\/cms\/?page_id=71047\">Einbruchschutzsysteme<\/a><\/h4>\n<h6>Ungesicherte Fenster und Terrassent\u00fcren sind ruckzuck mit einem Schraubendreher ge\u00f6ffnet.<\/h6>\n<p><a class=\"more-link\" href=\"http:\/\/sst-augsburg.de\/cms\/service-2\/einbruchschutz\/\">Mehr &#8230;<\/a>[\/vc_column_text][\/vc_column][vc_column width=&#8221;1\/4&#8243; css=&#8221;.vc_custom_1451766735451{margin-bottom: 35px !important;}&#8221;][vc_single_image image=&#8221;71066&#8243; img_size=&#8221;large&#8221; onclick=&#8221;custom_link&#8221; css_animation=&#8221;bottom-to-top&#8221; css=&#8221;.vc_custom_1516100762016{border-bottom-width: 0px !important;}&#8221;][vc_column_text css=&#8221;.vc_custom_1605013694428{margin-top: -15px !important;margin-bottom: 20px !important;padding-right: 0px !important;}&#8221;]<\/p>\n<h4><a href=\"http:\/\/sst-augsburg.de\/cms\/?page_id=71046\">Reparatur &amp; Wartung<\/a><\/h4>\n<h6>Reparatur s\u00e4mtlicher Schl\u00f6sser, T\u00fcren und Tore.<\/h6>\n<p><a class=\"more-link\" href=\"http:\/\/sst-augsburg.de\/cms\/service-2\/reparaturwartung\/\">Mehr &#8230;<\/a>[\/vc_column_text][\/vc_column][vc_column width=&#8221;1\/4&#8243;][vc_single_image image=&#8221;71299&#8243; img_size=&#8221;250&#215;125&#8243; onclick=&#8221;custom_link&#8221; css_animation=&#8221;bottom-to-top&#8221; css=&#8221;.vc_custom_1516960342289{border-bottom-width: 0px !important;}&#8221;][vc_column_text css=&#8221;.vc_custom_1605013728168{margin-top: -15px !important;margin-bottom: 20px !important;padding-right: 5px !important;}&#8221;]<\/p>\n<h4><a href=\"http:\/\/sst-augsburg.de\/cms\/?page_id=71044\">Haus-, Eingangs-, Innent\u00fcren<\/a><\/h4>\n<h6>Hochwertige Haus- und Eingangst\u00fcren bieten mehr Sicherheit.<\/h6>\n<p><a class=\"more-link\" href=\"http:\/\/sst-augsburg.de\/cms\/service-2\/haus-eingangs-innentueren\/\">Mehr &#8230;<\/a>[\/vc_column_text][\/vc_column][\/vc_row][vc_row type=&#8221;container&#8221; padding_top=&#8221;&#8221; padding_bottom=&#8221;&#8221; css=&#8221;.vc_custom_1444833000148{margin-bottom: 15px !important;}&#8221;][vc_column][vc_separator color=&#8221;#eeeeee&#8221; type=&#8221;normal&#8221; thickness=&#8221;1&#8243; up=&#8221;&#8221; down=&#8221;&#8221;][\/vc_column][\/vc_row][vc_row type=&#8221;container&#8221; padding_top=&#8221;&#8221; padding_bottom=&#8221;&#8221; css=&#8221;.vc_custom_1451746323872{margin-bottom: 35px !important;padding-top: 30px !important;}&#8221;][vc_column width=&#8221;1\/3&#8243; css=&#8221;.vc_custom_1451773427166{margin-bottom: 0px !important;}&#8221;][vc_column_text css=&#8221;.vc_custom_1475675015456{margin-bottom: 0px !important;}&#8221;]<\/p>\n<h3>Wir bieten mehr<\/h3>\n<p>[\/vc_column_text][\/vc_column][vc_column width=&#8221;2\/3&#8243;][vc_column_text]<\/p>\n<h5><span style=\"color: #666666;\"><br \/>\nBei uns arbeiten die Chefs pers\u00f6nlich und haben f\u00fcr Sie die besten Lieferanten ausgew\u00e4hlt, damit wir Ihnen das \u201eMEHR\u201c im Bereich der Schlie\u00df- bzw. Sicherheitstechnik bieten k\u00f6nnen.<\/span><\/h5>\n<h5><span style=\"color: #666666;\">Seit vielen Jahren stehen wir im sprichw\u00f6rtlichen \u201eDienst des Kunden\u201c und freuen uns \u00fcber das in uns gesetzte Vertrauen.<\/span><\/h5>\n<h5><span style=\"color: #666666;\">Ein gro\u00dfer, stetig wachsender Kundenstamm profitiert seit 1993 von unserem \u201eRUNDUMSERVICE\u201c, der Ihnen s\u00e4mtliche anfallende Fragen und Probleme im Bereich \u201eSICHERHEIT in allen Lebenslagen\u201c abnimmt.<\/span><\/h5>\n<h5><span style=\"color: #666666;\">Wir beraten Sie gerne!<\/span><\/h5>\n<p>[\/vc_column_text][\/vc_column][\/vc_row][vc_row type=&#8221;container&#8221; padding_top=&#8221;&#8221; padding_bottom=&#8221;&#8221; css=&#8221;.vc_custom_1449270557833{margin-bottom: 75px !important;}&#8221;][vc_column]        \n\t<script type=\"text\/javascript\">\n\n\tjQuery(document).ready(function($) {\n\n\t\t$(\"#owlslider_595399732\").owlCarousel({\n\t\t\tautoPlay: 4000, \n\t\t\titems : 5,\n\t\t\tpagination : false,\n\t\t\tstopOnHover : true,\n\t\t\titemsDesktop : [1199,4],\n\t\t\titemsDesktopSmall : [979,3]\n\t\t}); \n\t});\n\n\t<\/script>\n\n<div class=\"cg-logos\">\n\t<div class=\"row\">\n\t\t<div id=\"owlslider_595399732\" class=\"owl-carousel\">\n\t\t\t\t\t\t\t\n\t\t\t\t\n\t\t\t\t<div class=\"item\">\n\t\t\t\t\t<a href=\"\">\n\t\t\t\t\t\t<img decoding=\"async\" alt=\"logo\" src=\"http:\/\/sst-augsburg.de\/cms\/wp-content\/uploads\/2018\/03\/hersteller_logos_sst-augsburgerwinwanzel__0000_Abus-Startseite-und-bei-Schlie\u00dfanlagen.png.jpg\">\n\t\t\t\t\t<\/a>\n\t\t\t\t<\/div>\n\n\t\t\t\n\t\t\t\t\n\t\t\t\t<div class=\"item\">\n\t\t\t\t\t<a href=\"\">\n\t\t\t\t\t\t<img decoding=\"async\" alt=\"logo\" src=\"http:\/\/sst-augsburg.de\/cms\/wp-content\/uploads\/2018\/03\/hersteller_logos_sst-augsburgerwinwanzel__0001_Ballistol-nur-Startseite.png.jpg\">\n\t\t\t\t\t<\/a>\n\t\t\t\t<\/div>\n\n\t\t\t\n\t\t\t\t\n\t\t\t\t<div class=\"item\">\n\t\t\t\t\t<a href=\"http:\/\/www.beyer-und-mueller.de\/de\/home.html\">\n\t\t\t\t\t\t<img decoding=\"async\" alt=\"logo\" src=\"http:\/\/sst-augsburg.de\/cms\/wp-content\/uploads\/2018\/03\/hersteller_logos_sst-augsburgerwinwanzel__0002A_BMH-Startseite.png.jpg\">\n\t\t\t\t\t<\/a>\n\t\t\t\t<\/div>\n\n\t\t\t\n\t\t\t\t\n\t\t\t\t<div class=\"item\">\n\t\t\t\t\t<a href=\"https:\/\/www.evva.com\/de-de\/\">\n\t\t\t\t\t\t<img decoding=\"async\" alt=\"logo\" src=\"http:\/\/sst-augsburg.de\/cms\/wp-content\/uploads\/2018\/03\/EVVA.jpg\">\n\t\t\t\t\t<\/a>\n\t\t\t\t<\/div>\n\n\t\t\t\n\t\t\t\t\n\t\t\t\t<div class=\"item\">\n\t\t\t\t\t<a href=\"\">\n\t\t\t\t\t\t<img decoding=\"async\" alt=\"logo\" src=\"http:\/\/sst-augsburg.de\/cms\/wp-content\/uploads\/2018\/03\/wanzel_hersteller_burgwaechter-neu.jpg\">\n\t\t\t\t\t<\/a>\n\t\t\t\t<\/div>\n\n\t\t\t\n\t\t\t\t\n\t\t\t\t<div class=\"item\">\n\t\t\t\t\t<a href=\"\">\n\t\t\t\t\t\t<img decoding=\"async\" alt=\"logo\" src=\"http:\/\/sst-augsburg.de\/cms\/wp-content\/uploads\/2018\/03\/hersteller_logos_sst-augsburgerwinwanzel__0005_Graute-nur-Startseite.png.jpg\">\n\t\t\t\t\t<\/a>\n\t\t\t\t<\/div>\n\n\t\t\t\n\t\t\t\t\n\t\t\t\t<div class=\"item\">\n\t\t\t\t\t<a href=\"\">\n\t\t\t\t\t\t<img decoding=\"async\" alt=\"logo\" src=\"http:\/\/sst-augsburg.de\/cms\/wp-content\/uploads\/2018\/03\/hersteller_logos_sst-augsburgerwinwanzel__0006_Interflon-nur-Startseite.jpg.jpg\">\n\t\t\t\t\t<\/a>\n\t\t\t\t<\/div>\n\n\t\t\t\n\t\t\t\t\n\t\t\t\t<div class=\"item\">\n\t\t\t\t\t<a href=\"\">\n\t\t\t\t\t\t<img decoding=\"async\" alt=\"logo\" src=\"http:\/\/sst-augsburg.de\/cms\/wp-content\/uploads\/2018\/03\/hersteller_logos_sst-augsburgerwinwanzel__0007_Iseo-Schlie\u00dfanlagen-und-Startseite.png.jpg\">\n\t\t\t\t\t<\/a>\n\t\t\t\t<\/div>\n\n\t\t\t\n\t\t\t\t\n\t\t\t\t<div class=\"item\">\n\t\t\t\t\t<a href=\"https:\/\/www.rieffel.ch\/\">\n\t\t\t\t\t\t<img decoding=\"async\" alt=\"logo\" src=\"http:\/\/sst-augsburg.de\/cms\/wp-content\/uploads\/2018\/03\/009A_Rieffel-nur-Startseite.png.jpg\">\n\t\t\t\t\t<\/a>\n\t\t\t\t<\/div>\n\n\t\t\t\n\t\t\t\t\n\t\t\t\t<div class=\"item\">\n\t\t\t\t\t<a href=\"\">\n\t\t\t\t\t\t<img decoding=\"async\" alt=\"logo\" src=\"http:\/\/sst-augsburg.de\/cms\/wp-content\/uploads\/2018\/03\/hersteller_logos_sst-augsburgerwinwanzel__0008_KESO_Startseite-und-bei-Schlie\u00dfanlagen.jpg.jpg\">\n\t\t\t\t\t<\/a>\n\t\t\t\t<\/div>\n\n\t\t\t\t\t\t\n\t\t\t\n\t\t<\/div>\n\t<\/div>\n<\/div>\n\n[\/vc_column][\/vc_row][vc_row type=&#8221;full_page_width_inner_container&#8221; padding_top=&#8221;&#8221; padding_bottom=&#8221;&#8221; css=&#8221;.vc_custom_1475679026966{margin-bottom: 55px !important;padding-top: 15px !important;padding-bottom: 15px !important;background-color: #fdc900 !important;}&#8221;][vc_column width=&#8221;1\/6&#8243;][\/vc_column][vc_column width=&#8221;2\/3&#8243;][vc_column_text]<\/p>\n<h3 style=\"text-align: center;\"><span class=\"quote\">\u201c<\/span>Ihre Sicherheitsmanager f\u00fcr Gewerbe und Privat \u2013<br \/>\nob bei Einbruch, Feuer oder sonstigen Gefahren<span class=\"quote\">\u201d<\/span><\/h3>\n<p>[\/vc_column_text][\/vc_column][vc_column width=&#8221;1\/6&#8243;][\/vc_column][\/vc_row][vc_row type=&#8221;container&#8221; padding_top=&#8221;&#8221; padding_bottom=&#8221;&#8221; css=&#8221;.vc_custom_1451747651486{margin-bottom: 10px !important;}&#8221;][vc_column width=&#8221;1\/3&#8243; css=&#8221;.vc_custom_1451773457061{margin-bottom: 0px !important;}&#8221;][\/vc_column][vc_column width=&#8221;2\/3&#8243;][\/vc_column][\/vc_row]<\/p>\n<\/section>","protected":false},"excerpt":{"rendered":"<p>[vc_row type=&#8221;full_page_width&#8221; padding_top=&#8221;&#8221; padding_bottom=&#8221;&#8221; css=&#8221;.vc_custom_1451747024312{margin-bottom: 12px !important;}&#8221;][vc_column css=&#8221;.vc_custom_1451675335363{margin-bottom: -35px !important;padding-right: 0px !important;padding-left: 0px !important;}&#8221;][layerslider_vc id=&#8221;1&#8243;][\/vc_column][\/vc_row][vc_row type=&#8221;container&#8221; padding_top=&#8221;&#8221; padding_bottom=&#8221;&#8221; css=&#8221;.vc_custom_1516971819653{margin-bottom: 12px !important;}&#8221;][vc_column][vc_column_text] Sicherheit ist eine Sache des Vertrauens. Deshalb bieten wir Ihnen umfassende und perfekte L\u00f6sungen zur Absicherung Ihres Wohneigentums oder Gesch\u00e4ftes. [\/vc_column_text][\/vc_column][\/vc_row][vc_row type=&#8221;container&#8221; padding_top=&#8221;&#8221; padding_bottom=&#8221;&#8221; css=&#8221;.vc_custom_1447263760697{margin-bottom: 0px !important;padding-top: 50px !important;}&#8221;][vc_column width=&#8221;1\/4&#8243; css=&#8221;.vc_custom_1451766709466{margin-bottom: 35px !important;}&#8221;][vc_single_image image=&#8221;71063&#8243; [&hellip;]<\/p>\n","protected":false},"author":1,"featured_media":0,"parent":0,"menu_order":0,"comment_status":"closed","ping_status":"closed","template":"page-full-width.php","meta":{"_acf_changed":false,"footnotes":""},"class_list":["post-70470","page","type-page","status-publish","hentry"],"acf":[],"yoast_head":"<!-- This site is optimized with the Yoast SEO plugin v27.4 - https:\/\/yoast.com\/product\/yoast-seo-wordpress\/ -->\n<title>Home - Schlo\u00df- und Sicherheitstechnik Wanzel Erwin e.K.<\/title>\n<meta name=\"description\" content=\"We work on the forefront of innovation and technology to take products from an idea all the way to the end consumer.\" \/>\n<meta name=\"robots\" content=\"index, follow, max-snippet:-1, max-image-preview:large, max-video-preview:-1\" \/>\n<link rel=\"canonical\" href=\"https:\/\/sst-augsburg.de\/cms\/\" \/>\n<meta property=\"og:locale\" content=\"de_DE\" \/>\n<meta property=\"og:type\" content=\"article\" \/>\n<meta property=\"og:title\" content=\"Home - Schlo\u00df- und Sicherheitstechnik Wanzel Erwin e.K.\" \/>\n<meta property=\"og:description\" content=\"We work on the forefront of innovation and technology to take products from an idea all the way to the end consumer.\" \/>\n<meta property=\"og:url\" content=\"https:\/\/sst-augsburg.de\/cms\/\" \/>\n<meta property=\"og:site_name\" content=\"Schlo\u00df- und Sicherheitstechnik Wanzel Erwin e.K.\" \/>\n<meta property=\"article:modified_time\" content=\"2023-03-16T09:40:14+00:00\" \/>\n<meta name=\"twitter:card\" content=\"summary_large_image\" \/>\n<meta name=\"twitter:label1\" content=\"Gesch\u00e4tzte Lesezeit\" \/>\n\t<meta name=\"twitter:data1\" content=\"2\u00a0Minuten\" \/>\n<script type=\"application\/ld+json\" class=\"yoast-schema-graph\">{\"@context\":\"https:\\\/\\\/schema.org\",\"@graph\":[{\"@type\":\"WebPage\",\"@id\":\"https:\\\/\\\/sst-augsburg.de\\\/cms\\\/\",\"url\":\"https:\\\/\\\/sst-augsburg.de\\\/cms\\\/\",\"name\":\"Home - Schlo\u00df- und Sicherheitstechnik Wanzel Erwin e.K.\",\"isPartOf\":{\"@id\":\"https:\\\/\\\/sst-augsburg.de\\\/cms\\\/#website\"},\"datePublished\":\"2015-10-06T12:21:51+00:00\",\"dateModified\":\"2023-03-16T09:40:14+00:00\",\"description\":\"We work on the forefront of innovation and technology to take products from an idea all the way to the end consumer.\",\"breadcrumb\":{\"@id\":\"https:\\\/\\\/sst-augsburg.de\\\/cms\\\/#breadcrumb\"},\"inLanguage\":\"de\",\"potentialAction\":[{\"@type\":\"ReadAction\",\"target\":[\"https:\\\/\\\/sst-augsburg.de\\\/cms\\\/\"]}]},{\"@type\":\"BreadcrumbList\",\"@id\":\"https:\\\/\\\/sst-augsburg.de\\\/cms\\\/#breadcrumb\",\"itemListElement\":[{\"@type\":\"ListItem\",\"position\":1,\"name\":\"Startseite\",\"item\":\"https:\\\/\\\/sst-augsburg.de\\\/cms\\\/\"},{\"@type\":\"ListItem\",\"position\":2,\"name\":\"Home\"}]},{\"@type\":\"WebSite\",\"@id\":\"https:\\\/\\\/sst-augsburg.de\\\/cms\\\/#website\",\"url\":\"https:\\\/\\\/sst-augsburg.de\\\/cms\\\/\",\"name\":\"Schlo\u00df- und Sicherheitstechnik Wanzel Erwin e.K.\",\"description\":\"Schlie\u00dfanlagen, Sicherheitstechnik, Schl\u00fcsseldienst, Schlossereiarbeiten\",\"potentialAction\":[{\"@type\":\"SearchAction\",\"target\":{\"@type\":\"EntryPoint\",\"urlTemplate\":\"https:\\\/\\\/sst-augsburg.de\\\/cms\\\/?s={search_term_string}\"},\"query-input\":{\"@type\":\"PropertyValueSpecification\",\"valueRequired\":true,\"valueName\":\"search_term_string\"}}],\"inLanguage\":\"de\"}]}<\/script>\n<!-- \/ Yoast SEO plugin. -->","yoast_head_json":{"title":"Home - Schlo\u00df- und Sicherheitstechnik Wanzel Erwin e.K.","description":"We work on the forefront of innovation and technology to take products from an idea all the way to the end consumer.","robots":{"index":"index","follow":"follow","max-snippet":"max-snippet:-1","max-image-preview":"max-image-preview:large","max-video-preview":"max-video-preview:-1"},"canonical":"https:\/\/sst-augsburg.de\/cms\/","og_locale":"de_DE","og_type":"article","og_title":"Home - Schlo\u00df- und Sicherheitstechnik Wanzel Erwin e.K.","og_description":"We work on the forefront of innovation and technology to take products from an idea all the way to the end consumer.","og_url":"https:\/\/sst-augsburg.de\/cms\/","og_site_name":"Schlo\u00df- und Sicherheitstechnik Wanzel Erwin e.K.","article_modified_time":"2023-03-16T09:40:14+00:00","twitter_card":"summary_large_image","twitter_misc":{"Gesch\u00e4tzte Lesezeit":"2\u00a0Minuten"},"schema":{"@context":"https:\/\/schema.org","@graph":[{"@type":"WebPage","@id":"https:\/\/sst-augsburg.de\/cms\/","url":"https:\/\/sst-augsburg.de\/cms\/","name":"Home - Schlo\u00df- und Sicherheitstechnik Wanzel Erwin e.K.","isPartOf":{"@id":"https:\/\/sst-augsburg.de\/cms\/#website"},"datePublished":"2015-10-06T12:21:51+00:00","dateModified":"2023-03-16T09:40:14+00:00","description":"We work on the forefront of innovation and technology to take products from an idea all the way to the end consumer.","breadcrumb":{"@id":"https:\/\/sst-augsburg.de\/cms\/#breadcrumb"},"inLanguage":"de","potentialAction":[{"@type":"ReadAction","target":["https:\/\/sst-augsburg.de\/cms\/"]}]},{"@type":"BreadcrumbList","@id":"https:\/\/sst-augsburg.de\/cms\/#breadcrumb","itemListElement":[{"@type":"ListItem","position":1,"name":"Startseite","item":"https:\/\/sst-augsburg.de\/cms\/"},{"@type":"ListItem","position":2,"name":"Home"}]},{"@type":"WebSite","@id":"https:\/\/sst-augsburg.de\/cms\/#website","url":"https:\/\/sst-augsburg.de\/cms\/","name":"Schlo\u00df- und Sicherheitstechnik Wanzel Erwin e.K.","description":"Schlie\u00dfanlagen, Sicherheitstechnik, Schl\u00fcsseldienst, Schlossereiarbeiten","potentialAction":[{"@type":"SearchAction","target":{"@type":"EntryPoint","urlTemplate":"https:\/\/sst-augsburg.de\/cms\/?s={search_term_string}"},"query-input":{"@type":"PropertyValueSpecification","valueRequired":true,"valueName":"search_term_string"}}],"inLanguage":"de"}]}},"_links":{"self":[{"href":"http:\/\/sst-augsburg.de\/cms\/wp-json\/wp\/v2\/pages\/70470","targetHints":{"allow":["GET"]}}],"collection":[{"href":"http:\/\/sst-augsburg.de\/cms\/wp-json\/wp\/v2\/pages"}],"about":[{"href":"http:\/\/sst-augsburg.de\/cms\/wp-json\/wp\/v2\/types\/page"}],"author":[{"embeddable":true,"href":"http:\/\/sst-augsburg.de\/cms\/wp-json\/wp\/v2\/users\/1"}],"replies":[{"embeddable":true,"href":"http:\/\/sst-augsburg.de\/cms\/wp-json\/wp\/v2\/comments?post=70470"}],"version-history":[{"count":44,"href":"http:\/\/sst-augsburg.de\/cms\/wp-json\/wp\/v2\/pages\/70470\/revisions"}],"predecessor-version":[{"id":71550,"href":"http:\/\/sst-augsburg.de\/cms\/wp-json\/wp\/v2\/pages\/70470\/revisions\/71550"}],"wp:attachment":[{"href":"http:\/\/sst-augsburg.de\/cms\/wp-json\/wp\/v2\/media?parent=70470"}],"curies":[{"name":"wp","href":"https:\/\/api.w.org\/{rel}","templated":true}]}}