{"id":147,"date":"2015-10-09T17:51:30","date_gmt":"2015-10-09T17:51:30","guid":{"rendered":"http:\/\/broker.commercegurus.com\/?page_id=147"},"modified":"2018-03-09T15:23:26","modified_gmt":"2018-03-09T15:23:26","slug":"schliessanlagen","status":"publish","type":"page","link":"http:\/\/sst-augsburg.de\/cms\/service-2\/schliessanlagen\/","title":{"rendered":"Schlie\u00dfanlagen"},"content":{"rendered":"<section class=\"wpb-content-wrapper\"><p>[vc_row type=&#8221;container&#8221; padding_top=&#8221;&#8221; padding_bottom=&#8221;&#8221; css=&#8221;.vc_custom_1449576470084{margin-bottom: 0px !important;}&#8221;][vc_column width=&#8221;2\/3&#8243;][vc_column_text]Mechanische bzw. elektronische Schlie\u00dfanlagen von namhaften Herstellern sorgen in privaten Wohngeb\u00e4uden oder Mietwohnungen wie auch in gewerblich genutzten Geb\u00e4uden und \u00f6ffentlichen Einrichtungen f\u00fcr Sicherheit und hohen Schlie\u00dfkomfort.<\/p>\n<p>Egal ob als Einzelschlie\u00dfung oder als Schlie\u00dfanlage. Im Mittelpunkt stehen dabei vor allem ein hoher Schutz vor illegalen Kopien Ihrer Schl\u00fcssel sowie der Schutz vor Manipulationen Ihrer Schlie\u00dfzylinder.<\/p>\n<p>Patentgesch\u00fctzte Schlie\u00dfsysteme, die wirksam gegen Aufbohren, Aufbrechen oder Picking gesch\u00fctzt sind, garantieren Ihnen Sicherheit.<\/p>\n<ul>\n<li>Patentgesch\u00fctzte Schlie\u00dfsysteme<\/li>\n<li>Hoher Schlie\u00dfkomfort<\/li>\n<\/ul>\n<p>[\/vc_column_text][\/vc_column][vc_column width=&#8221;1\/3&#8243;][vc_single_image image=&#8221;71404&#8243; img_size=&#8221;medium&#8221; add_caption=&#8221;yes&#8221; onclick=&#8221;link_image&#8221;][vc_single_image image=&#8221;71408&#8243; img_size=&#8221;full&#8221; add_caption=&#8221;yes&#8221; onclick=&#8221;link_image&#8221;][vc_single_image image=&#8221;71438&#8243; img_size=&#8221;full&#8221; add_caption=&#8221;yes&#8221; onclick=&#8221;link_image&#8221;][vc_single_image image=&#8221;71412&#8243; img_size=&#8221;full&#8221; add_caption=&#8221;yes&#8221; onclick=&#8221;link_image&#8221;][vc_single_image image=&#8221;71417&#8243; img_size=&#8221;medium&#8221; add_caption=&#8221;yes&#8221; onclick=&#8221;link_image&#8221;][\/vc_column][\/vc_row][vc_row type=&#8221;container&#8221; padding_top=&#8221;&#8221; padding_bottom=&#8221;&#8221; css=&#8221;.vc_custom_1444503683289{margin-bottom: 0px !important;}&#8221;][vc_column][vc_separator color=&#8221;#e2e2e2&#8243; type=&#8221;normal&#8221; thickness=&#8221;1&#8243; up=&#8221;&#8221; down=&#8221;&#8221; el_class=&#8221;dotted&#8221;][\/vc_column][\/vc_row][vc_row type=&#8221;container&#8221; padding_top=&#8221;&#8221; padding_bottom=&#8221;&#8221; css=&#8221;.vc_custom_1449063285344{margin-bottom: 50px !important;}&#8221;][vc_column][vc_tta_tabs style=&#8221;flat&#8221; active_section=&#8221;1&#8243;][vc_tta_section title=&#8221;Schl\u00fcsselkopierschutz&#8221; tab_id=&#8221;1444300654474-2bfb86dc-fd3a&#8221;][vc_column_text]Haben Sie schon einmal dar\u00fcber nachgedacht, ob Ihre Schl\u00fcssel ohne Ihr Wissen und Ihre Zustimmung kopiert werden k\u00f6nnen?<\/p>\n<p>Wir sehen es als unsere Pflicht, Sie auf diese Problematik hinzuweisen und Ihnen L\u00f6sungen anzubieten, die Ihnen Sicherheitsprobleme ersparen.<\/p>\n<p><strong>Unsere Empfehlung:<\/strong><br \/>\nAchten Sie bei Ihrer Kaufentscheidung auf einen sehr hohen technischen wie auch einen rechtlichen Schl\u00fcsselkopierschutz des Schlie\u00dfsystems, das bei Ihnen zum Einsatz kommt.[\/vc_column_text][\/vc_tta_section][vc_tta_section title=&#8221;Sicherheit f\u00fcr Ihre Geb\u00e4ude&#8221; tab_id=&#8221;1444300654691-e081e086-5ad3&#8243;][vc_column_text]Schlie\u00dfsysteme garantieren Ihnen h\u00f6chsten Schutz vor Einbruchsversuchen durch Manipulationen des Schlie\u00dfzylinders oder illegal erstellte Schl\u00fcsselkopien.[\/vc_column_text][\/vc_tta_section][vc_tta_section title=&#8221;Individuelle L\u00f6sungen&#8221; tab_id=&#8221;1444412836340-fe4dda89-2f8e&#8221;][vc_column_text]Bei der Auswahl des richtigen Schlie\u00dfsystems spielen viele Faktoren eine Rolle. Eine hohe Produktqualit\u00e4t, Langlebigkeit und Zuverl\u00e4ssigkeit der Produkte, sowie Flexibilit\u00e4t und ein starker Service sind nur einige Kriterien, die in Ihre Entscheidung einflie\u00dfen.<\/p>\n<p>Wir bieten Ihnen f\u00fcr Ihre Objektabsicherung ein Komplettpaket, das auf Ihre konkreten Anforderungen zugeschnitten ist.[\/vc_column_text][\/vc_tta_section][\/vc_tta_tabs][\/vc_column][\/vc_row]<\/p>\n<\/section>","protected":false},"excerpt":{"rendered":"<p>[vc_row type=&#8221;container&#8221; padding_top=&#8221;&#8221; padding_bottom=&#8221;&#8221; css=&#8221;.vc_custom_1449576470084{margin-bottom: 0px !important;}&#8221;][vc_column width=&#8221;2\/3&#8243;][vc_column_text]Mechanische bzw. elektronische Schlie\u00dfanlagen von namhaften Herstellern sorgen in privaten Wohngeb\u00e4uden oder Mietwohnungen wie auch in gewerblich genutzten Geb\u00e4uden und \u00f6ffentlichen Einrichtungen f\u00fcr Sicherheit und hohen Schlie\u00dfkomfort. Egal ob als Einzelschlie\u00dfung oder als Schlie\u00dfanlage. Im Mittelpunkt stehen dabei vor allem ein hoher Schutz vor illegalen Kopien Ihrer Schl\u00fcssel [&hellip;]<\/p>\n","protected":false},"author":1,"featured_media":70778,"parent":71030,"menu_order":1,"comment_status":"closed","ping_status":"closed","template":"","meta":{"_acf_changed":false,"footnotes":""},"class_list":["post-147","page","type-page","status-publish","has-post-thumbnail","hentry"],"acf":[],"yoast_head":"<!-- This site is optimized with the Yoast SEO plugin v27.4 - https:\/\/yoast.com\/product\/yoast-seo-wordpress\/ -->\n<title>Schlie\u00dfanlagen - Schlo\u00df- und Sicherheitstechnik Wanzel Erwin e.K.<\/title>\n<meta name=\"description\" content=\"Agricultural science is a broad multidisciplinary field of biology that encompasses the parts of exact, natural, economic and social sciences that are used in the practice and understanding of agriculture.\" \/>\n<meta name=\"robots\" content=\"index, follow, max-snippet:-1, max-image-preview:large, max-video-preview:-1\" \/>\n<link rel=\"canonical\" href=\"https:\/\/sst-augsburg.de\/cms\/service-2\/schliessanlagen\/\" \/>\n<meta property=\"og:locale\" content=\"de_DE\" \/>\n<meta property=\"og:type\" content=\"article\" \/>\n<meta property=\"og:title\" content=\"Schlie\u00dfanlagen - Schlo\u00df- und Sicherheitstechnik Wanzel Erwin e.K.\" \/>\n<meta property=\"og:description\" content=\"Agricultural science is a broad multidisciplinary field of biology that encompasses the parts of exact, natural, economic and social sciences that are used in the practice and understanding of agriculture.\" \/>\n<meta property=\"og:url\" content=\"https:\/\/sst-augsburg.de\/cms\/service-2\/schliessanlagen\/\" \/>\n<meta property=\"og:site_name\" content=\"Schlo\u00df- und Sicherheitstechnik Wanzel Erwin e.K.\" \/>\n<meta property=\"article:modified_time\" content=\"2018-03-09T15:23:26+00:00\" \/>\n<meta name=\"twitter:card\" content=\"summary_large_image\" \/>\n<meta name=\"twitter:label1\" content=\"Gesch\u00e4tzte Lesezeit\" \/>\n\t<meta name=\"twitter:data1\" content=\"2\u00a0Minuten\" \/>\n<script type=\"application\/ld+json\" class=\"yoast-schema-graph\">{\"@context\":\"https:\\\/\\\/schema.org\",\"@graph\":[{\"@type\":\"WebPage\",\"@id\":\"https:\\\/\\\/sst-augsburg.de\\\/cms\\\/service-2\\\/schliessanlagen\\\/\",\"url\":\"https:\\\/\\\/sst-augsburg.de\\\/cms\\\/service-2\\\/schliessanlagen\\\/\",\"name\":\"Schlie\u00dfanlagen - Schlo\u00df- und Sicherheitstechnik Wanzel Erwin e.K.\",\"isPartOf\":{\"@id\":\"https:\\\/\\\/sst-augsburg.de\\\/cms\\\/#website\"},\"primaryImageOfPage\":{\"@id\":\"https:\\\/\\\/sst-augsburg.de\\\/cms\\\/service-2\\\/schliessanlagen\\\/#primaryimage\"},\"image\":{\"@id\":\"https:\\\/\\\/sst-augsburg.de\\\/cms\\\/service-2\\\/schliessanlagen\\\/#primaryimage\"},\"thumbnailUrl\":\"\",\"datePublished\":\"2015-10-09T17:51:30+00:00\",\"dateModified\":\"2018-03-09T15:23:26+00:00\",\"description\":\"Agricultural science is a broad multidisciplinary field of biology that encompasses the parts of exact, natural, economic and social sciences that are used in the practice and understanding of agriculture.\",\"breadcrumb\":{\"@id\":\"https:\\\/\\\/sst-augsburg.de\\\/cms\\\/service-2\\\/schliessanlagen\\\/#breadcrumb\"},\"inLanguage\":\"de\",\"potentialAction\":[{\"@type\":\"ReadAction\",\"target\":[\"https:\\\/\\\/sst-augsburg.de\\\/cms\\\/service-2\\\/schliessanlagen\\\/\"]}]},{\"@type\":\"ImageObject\",\"inLanguage\":\"de\",\"@id\":\"https:\\\/\\\/sst-augsburg.de\\\/cms\\\/service-2\\\/schliessanlagen\\\/#primaryimage\",\"url\":\"\",\"contentUrl\":\"\"},{\"@type\":\"BreadcrumbList\",\"@id\":\"https:\\\/\\\/sst-augsburg.de\\\/cms\\\/service-2\\\/schliessanlagen\\\/#breadcrumb\",\"itemListElement\":[{\"@type\":\"ListItem\",\"position\":1,\"name\":\"Startseite\",\"item\":\"https:\\\/\\\/sst-augsburg.de\\\/cms\\\/\"},{\"@type\":\"ListItem\",\"position\":2,\"name\":\"Solutions\",\"item\":\"https:\\\/\\\/sst-augsburg.de\\\/cms\\\/service-2\\\/\"},{\"@type\":\"ListItem\",\"position\":3,\"name\":\"Schlie\u00dfanlagen\"}]},{\"@type\":\"WebSite\",\"@id\":\"https:\\\/\\\/sst-augsburg.de\\\/cms\\\/#website\",\"url\":\"https:\\\/\\\/sst-augsburg.de\\\/cms\\\/\",\"name\":\"Schlo\u00df- und Sicherheitstechnik Wanzel Erwin e.K.\",\"description\":\"Schlie\u00dfanlagen, Sicherheitstechnik, Schl\u00fcsseldienst, Schlossereiarbeiten\",\"potentialAction\":[{\"@type\":\"SearchAction\",\"target\":{\"@type\":\"EntryPoint\",\"urlTemplate\":\"https:\\\/\\\/sst-augsburg.de\\\/cms\\\/?s={search_term_string}\"},\"query-input\":{\"@type\":\"PropertyValueSpecification\",\"valueRequired\":true,\"valueName\":\"search_term_string\"}}],\"inLanguage\":\"de\"}]}<\/script>\n<!-- \/ Yoast SEO plugin. -->","yoast_head_json":{"title":"Schlie\u00dfanlagen - Schlo\u00df- und Sicherheitstechnik Wanzel Erwin e.K.","description":"Agricultural science is a broad multidisciplinary field of biology that encompasses the parts of exact, natural, economic and social sciences that are used in the practice and understanding of agriculture.","robots":{"index":"index","follow":"follow","max-snippet":"max-snippet:-1","max-image-preview":"max-image-preview:large","max-video-preview":"max-video-preview:-1"},"canonical":"https:\/\/sst-augsburg.de\/cms\/service-2\/schliessanlagen\/","og_locale":"de_DE","og_type":"article","og_title":"Schlie\u00dfanlagen - Schlo\u00df- und Sicherheitstechnik Wanzel Erwin e.K.","og_description":"Agricultural science is a broad multidisciplinary field of biology that encompasses the parts of exact, natural, economic and social sciences that are used in the practice and understanding of agriculture.","og_url":"https:\/\/sst-augsburg.de\/cms\/service-2\/schliessanlagen\/","og_site_name":"Schlo\u00df- und Sicherheitstechnik Wanzel Erwin e.K.","article_modified_time":"2018-03-09T15:23:26+00:00","twitter_card":"summary_large_image","twitter_misc":{"Gesch\u00e4tzte Lesezeit":"2\u00a0Minuten"},"schema":{"@context":"https:\/\/schema.org","@graph":[{"@type":"WebPage","@id":"https:\/\/sst-augsburg.de\/cms\/service-2\/schliessanlagen\/","url":"https:\/\/sst-augsburg.de\/cms\/service-2\/schliessanlagen\/","name":"Schlie\u00dfanlagen - Schlo\u00df- und Sicherheitstechnik Wanzel Erwin e.K.","isPartOf":{"@id":"https:\/\/sst-augsburg.de\/cms\/#website"},"primaryImageOfPage":{"@id":"https:\/\/sst-augsburg.de\/cms\/service-2\/schliessanlagen\/#primaryimage"},"image":{"@id":"https:\/\/sst-augsburg.de\/cms\/service-2\/schliessanlagen\/#primaryimage"},"thumbnailUrl":"","datePublished":"2015-10-09T17:51:30+00:00","dateModified":"2018-03-09T15:23:26+00:00","description":"Agricultural science is a broad multidisciplinary field of biology that encompasses the parts of exact, natural, economic and social sciences that are used in the practice and understanding of agriculture.","breadcrumb":{"@id":"https:\/\/sst-augsburg.de\/cms\/service-2\/schliessanlagen\/#breadcrumb"},"inLanguage":"de","potentialAction":[{"@type":"ReadAction","target":["https:\/\/sst-augsburg.de\/cms\/service-2\/schliessanlagen\/"]}]},{"@type":"ImageObject","inLanguage":"de","@id":"https:\/\/sst-augsburg.de\/cms\/service-2\/schliessanlagen\/#primaryimage","url":"","contentUrl":""},{"@type":"BreadcrumbList","@id":"https:\/\/sst-augsburg.de\/cms\/service-2\/schliessanlagen\/#breadcrumb","itemListElement":[{"@type":"ListItem","position":1,"name":"Startseite","item":"https:\/\/sst-augsburg.de\/cms\/"},{"@type":"ListItem","position":2,"name":"Solutions","item":"https:\/\/sst-augsburg.de\/cms\/service-2\/"},{"@type":"ListItem","position":3,"name":"Schlie\u00dfanlagen"}]},{"@type":"WebSite","@id":"https:\/\/sst-augsburg.de\/cms\/#website","url":"https:\/\/sst-augsburg.de\/cms\/","name":"Schlo\u00df- und Sicherheitstechnik Wanzel Erwin e.K.","description":"Schlie\u00dfanlagen, Sicherheitstechnik, Schl\u00fcsseldienst, Schlossereiarbeiten","potentialAction":[{"@type":"SearchAction","target":{"@type":"EntryPoint","urlTemplate":"https:\/\/sst-augsburg.de\/cms\/?s={search_term_string}"},"query-input":{"@type":"PropertyValueSpecification","valueRequired":true,"valueName":"search_term_string"}}],"inLanguage":"de"}]}},"_links":{"self":[{"href":"http:\/\/sst-augsburg.de\/cms\/wp-json\/wp\/v2\/pages\/147","targetHints":{"allow":["GET"]}}],"collection":[{"href":"http:\/\/sst-augsburg.de\/cms\/wp-json\/wp\/v2\/pages"}],"about":[{"href":"http:\/\/sst-augsburg.de\/cms\/wp-json\/wp\/v2\/types\/page"}],"author":[{"embeddable":true,"href":"http:\/\/sst-augsburg.de\/cms\/wp-json\/wp\/v2\/users\/1"}],"replies":[{"embeddable":true,"href":"http:\/\/sst-augsburg.de\/cms\/wp-json\/wp\/v2\/comments?post=147"}],"version-history":[{"count":20,"href":"http:\/\/sst-augsburg.de\/cms\/wp-json\/wp\/v2\/pages\/147\/revisions"}],"predecessor-version":[{"id":71149,"href":"http:\/\/sst-augsburg.de\/cms\/wp-json\/wp\/v2\/pages\/147\/revisions\/71149"}],"up":[{"embeddable":true,"href":"http:\/\/sst-augsburg.de\/cms\/wp-json\/wp\/v2\/pages\/71030"}],"wp:featuredmedia":[{"embeddable":true,"href":"http:\/\/sst-augsburg.de\/cms\/wp-json\/"}],"wp:attachment":[{"href":"http:\/\/sst-augsburg.de\/cms\/wp-json\/wp\/v2\/media?parent=147"}],"curies":[{"name":"wp","href":"https:\/\/api.w.org\/{rel}","templated":true}]}}